{"id":3,"date":"2022-01-20T16:01:34","date_gmt":"2022-01-20T15:01:34","guid":{"rendered":"http:\/\/carrieres-houdain.fr\/?page_id=3"},"modified":"2022-06-04T11:24:10","modified_gmt":"2022-06-04T09:24:10","slug":"politique-de-confidentialite","status":"publish","type":"page","link":"https:\/\/carrieres-houdain.fr\/index.php\/politique-de-confidentialite\/","title":{"rendered":"Politique de confidentialit\u00e9"},"content":{"rendered":"[vc_row type=\u00a0\u00bbin_container\u00a0\u00bb full_screen_row_position=\u00a0\u00bbmiddle\u00a0\u00bb column_margin=\u00a0\u00bbdefault\u00a0\u00bb column_direction=\u00a0\u00bbdefault\u00a0\u00bb column_direction_tablet=\u00a0\u00bbdefault\u00a0\u00bb column_direction_phone=\u00a0\u00bbdefault\u00a0\u00bb scene_position=\u00a0\u00bbcenter\u00a0\u00bb text_color=\u00a0\u00bbdark\u00a0\u00bb text_align=\u00a0\u00bbleft\u00a0\u00bb row_border_radius=\u00a0\u00bbnone\u00a0\u00bb row_border_radius_applies=\u00a0\u00bbbg\u00a0\u00bb overflow=\u00a0\u00bbvisible\u00a0\u00bb overlay_strength=\u00a0\u00bb0.3&Prime; gradient_direction=\u00a0\u00bbleft_to_right\u00a0\u00bb shape_divider_position=\u00a0\u00bbbottom\u00a0\u00bb bg_image_animation=\u00a0\u00bbnone\u00a0\u00bb][vc_column column_padding=\u00a0\u00bbno-extra-padding\u00a0\u00bb column_padding_tablet=\u00a0\u00bbinherit\u00a0\u00bb column_padding_phone=\u00a0\u00bbinherit\u00a0\u00bb column_padding_position=\u00a0\u00bball\u00a0\u00bb column_element_spacing=\u00a0\u00bbdefault\u00a0\u00bb background_color_opacity=\u00a0\u00bb1&Prime; background_hover_color_opacity=\u00a0\u00bb1&Prime; column_shadow=\u00a0\u00bbnone\u00a0\u00bb column_border_radius=\u00a0\u00bbnone\u00a0\u00bb column_link_target=\u00a0\u00bb_self\u00a0\u00bb column_position=\u00a0\u00bbdefault\u00a0\u00bb gradient_direction=\u00a0\u00bbleft_to_right\u00a0\u00bb overlay_strength=\u00a0\u00bb0.3&Prime; width=\u00a0\u00bb1\/1&Prime; tablet_width_inherit=\u00a0\u00bbdefault\u00a0\u00bb tablet_text_alignment=\u00a0\u00bbdefault\u00a0\u00bb phone_text_alignment=\u00a0\u00bbdefault\u00a0\u00bb animation_type=\u00a0\u00bbdefault\u00a0\u00bb bg_image_animation=\u00a0\u00bbnone\u00a0\u00bb border_type=\u00a0\u00bbsimple\u00a0\u00bb column_border_width=\u00a0\u00bbnone\u00a0\u00bb column_border_style=\u00a0\u00bbsolid\u00a0\u00bb][vc_column_text]\r\n<h1 class=\"wp-block-heading\"><span style=\"color: #263574;\"><strong>Politique De Confidentialit\u00e9<\/strong><\/span><\/h1>\r\n<p><span style=\"color: #263574;\">En vigueur depuis le : 6 juin 2022<\/span><\/p>\r\n<p><span style=\"color: #263574;\">Nous mettons un point d\u2019honneur \u00e0 respecter la vie priv\u00e9e de nos utilisateurs et \u00e0 traiter leurs donn\u00e9es personnelles dans la plus stricte confidentialit\u00e9 et conform\u00e9ment \u00e0 la l\u00e9gislation en vigueur.<\/span><\/p>\r\n<p><span style=\"color: #263574;\">La politique de confidentialit\u00e9 est destin\u00e9e \u00e0 vous informer en toute transparence au sujet des donn\u00e9es que nous collectons, du but, de la mani\u00e8re dont nous les utilisons et des droits dont vous disposez concernant le traitement de ces donn\u00e9es.<\/span><\/p>\r\n<p><span style=\"color: #263574;\">Nous attirons votre attention sur la n\u00e9cessit\u00e9 de lire cette politique de confidentialit\u00e9 attentivement. Si vous deviez avoir d\u2019autres questions, n\u2019h\u00e9sitez pas \u00e0 nous contacter \u00e0 l\u2019adresse suivante :\u00a0<a style=\"color: #263574;\">contact@helpycom.fr<\/a><\/span><\/p>\r\n<h3><span style=\"color: #263574;\"><strong>1. Qui est le responsable du traitement de vos donn\u00e9es ?<\/strong><\/span><\/h3>\r\n<p><span style=\"color: #263574;\">Les responsables du traitement des donn\u00e9es sont :<\/span><\/p>\r\n<p><span style=\"color: #263574;\">Helpycom, auto-entrepreneur,<\/span><\/p>\r\n<p><span style=\"color: #263574;\">Immatricul\u00e9e au RCS de Valenciennes sous le num\u00e9ro : 903 388 882,<\/span><\/p>\r\n<p><span style=\"color: #263574;\">Ayant son si\u00e8ge social au 21 rue de la rhonelle 59300 Famars,<\/span><\/p>\r\n<p><span style=\"color: #263574;\"><a style=\"color: #263574;\">contact@helpycom.fr<\/a><\/span><\/p>\r\n<h3><span style=\"color: #263574;\"><strong>2. Qui est le responsable du traitement de vos donn\u00e9es ?<\/strong><\/span><\/h3>\r\n<p><span style=\"color: #263574;\">Nous collectons vos donn\u00e9es \u2013 personnelles ou non \u2013 pour diff\u00e9rentes raisons qui sont d\u00e9finies au point suivant (\u00a0<em>cf.<\/em>\u00a0point 3). Il s\u2019agit des donn\u00e9es suivantes :<\/span><\/p>\r\n<p><span style=\"color: #263574;\">\u2013 vos donn\u00e9es d\u2019identification (nom, pr\u00e9nom, , adresse e-mail, num\u00e9ro de t\u00e9l\u00e9phone, message, code postal) ;<\/span><\/p>\r\n<p><span style=\"color: #263574;\">\u2013 nos communications (par email ou autre);<\/span><\/p>\r\n<p><span style=\"color: #263574;\">\u2013 le type de domaine avec lequel l\u2019Utilisateur se connecte \u00e0 l\u2019Internet ;<\/span><\/p>\r\n<p><span style=\"color: #263574;\">\u2013 l\u2019adresse IP qui vous est attribu\u00e9e ;<\/span><\/p>\r\n<p><span style=\"color: #263574;\">\u2013 la date et l\u2019heure de votre acc\u00e8s \u00e0 notre site ;<\/span><\/p>\r\n<p><span style=\"color: #263574;\">\u2013 les donn\u00e9es de localisation ou autre donn\u00e9es relatives \u00e0 la communication ;<\/span><\/p>\r\n<p><span style=\"color: #263574;\">\u2013 les pages que vous avez consult\u00e9es sur notre site ;<\/span><\/p>\r\n<p><span style=\"color: #263574;\">\u2013 le type de navigateur, la plate-forme et\/ou le syst\u00e8me d\u2019exploitation que vous utilisez ;<\/span><\/p>\r\n<p><span style=\"color: #263574;\">\u2013 le moteur de recherche ainsi que les mots-cl\u00e9s utilis\u00e9s pour retrouver le site ;<\/span><\/p>\r\n<p><span style=\"color: #263574;\">\u2013 vos pr\u00e9f\u00e9rences de navigation<\/span><\/p>\r\n<ul>\r\n<li><span style=\"color: #263574;\">vos pr\u00e9f\u00e9rences de communication.<\/span><\/li>\r\n<\/ul>\r\n<h3><span style=\"color: #263574;\"><strong>3. Dans quel but collectons-nous vos donn\u00e9es ?<\/strong><\/span><\/h3>\r\n<p><span style=\"color: #263574;\">Nous collectons vos donn\u00e9es principalement pour vous contacter via une newsletter, pouvoir traiter vos demandes, am\u00e9liorer notre Service, donner une meilleure visibilit\u00e9 \u00e0 nos clients sur leurs r\u00e9servations et, plus g\u00e9n\u00e9ralement, pour pouvoir communiquer facilement l\u2019un avec l\u2019autre. Enfin, vos donn\u00e9es nous permettent \u00e9galement d\u2019am\u00e9liorer et faciliter votre navigation sur notre site.<\/span><\/p>\r\n<h3><span style=\"color: #263574;\"><strong>4. De quelle fa\u00e7ons collectons-nous vos donn\u00e9es ?<\/strong><\/span><\/h3>\r\n<p><span style=\"color: #263574;\">La plupart de vos donn\u00e9es nous sont communiqu\u00e9es par votre intervention active. C\u2019est le cas lorsque vous nous transmettez vos donn\u00e9es d\u2019identification pour nous contacter. D\u2019autres donn\u00e9es, telles que la date et l\u2019heure de votre acc\u00e8s \u00e0 notre site, les pages que vous avez consult\u00e9es ou vos donn\u00e9es de localisation, sont collect\u00e9es automatiquement, par le biais des serveurs consult\u00e9s et des \u00ab cookies \u00bb plac\u00e9s sur notre Site.<\/span><\/p>\r\n<h3><span style=\"color: #263574;\"><strong>5. Vos donn\u00e9es sont-elles prot\u00e9g\u00e9es ?<\/strong><\/span><\/h3>\r\n<p><span style=\"color: #263574;\">Nous mettons un point d\u2019honneur \u00e0 respecter la vie priv\u00e9e de nos utilisateurs. Nous appliquons une politique de confidentialit\u00e9 stricte et prenons toutes les mesures ad\u00e9quates afin que nos serveurs emp\u00eachent dans toute la mesure du possible toute fuite, destruction, perte, divulgation, usage, acc\u00e8s ou modification non autoris\u00e9e de vos donn\u00e9es.<\/span><\/p>\r\n<h3><span style=\"color: #263574;\"><strong>6. Pendant combien de temps conservons-nous vos donn\u00e9es ?<\/strong><\/span><\/h3>\r\n<p><span style=\"color: #263574;\">Nous conservons vos donn\u00e9es le temps n\u00e9cessaire \u00e0 l\u2019accomplissement des objectifs poursuivis (\u00a0<em>cf.<\/em>\u00a0point 3). Une fois cet objectif atteint, nous les supprimons.<\/span><\/p>\r\n<h3><span style=\"color: #263574;\"><strong>7. Quels sont vos droits et comment les exercer ?<\/strong><\/span><\/h3>\r\n<p><span style=\"color: #263574;\">Vous pouvez \u00e0 tout instant demander de v\u00e9rifier, acc\u00e9der, rectifier, supprimer, transf\u00e9rer et de vous opposer \u00e0 l\u2019utilisation de vos donn\u00e9es, ainsi que demander la limitation de celles-ci. Pour cela, il vous suffit de nous envoyer un email \u00e0 l\u2019adresse suivante :\u00a0<a style=\"color: #263574;\">contact@helpycom.fr<\/a>\u00a0. Nous mettrons alors tout en \u0153uvre pour faire le n\u00e9cessaire dans les meilleurs d\u00e9lais.<\/span><\/p>\r\n<h3><span style=\"color: #263574;\"><strong>8. Qui a acc\u00e8s \u00e0 vos donn\u00e9es et \u00e0 qui sont-elles communiqu\u00e9es ?<\/strong><\/span><\/h3>\r\n<p><span style=\"color: #263574;\">Nos employ\u00e9s, nos partenaires et sous-traitants. Ils n\u2019y ont acc\u00e8s que dans la mesure du n\u00e9cessaire \u00e0 l\u2019ex\u00e9cution de votre r\u00e9servation et\/ou pour l\u2019accomplissement des objectifs poursuivis (<em>cf<\/em>. point 3). Chacun d\u2019entre eux est soumis \u00e0 une obligation stricte de confidentialit\u00e9.<\/span><\/p>\r\n<h3><span style=\"color: #263574;\"><strong>9. Transf\u00e9rons-nous vos donn\u00e9es \u00e0 l\u2019\u00e9tranger ?<\/strong><\/span><\/h3>\r\n<p><span style=\"color: #263574;\">Nous ne transf\u00e9rons vos donn\u00e9es vers un pays non membre de l\u2019Union europ\u00e9enne qu\u2019\u00e0 la condition que ce pays assure un niveau de protection \u00e9quivalent \u00e0 ce que vous pouvez trouver dans votre pays de r\u00e9sidence.<\/span><\/p>\r\n<h3><span style=\"color: #263574;\"><strong>10. Comment recevoir nos publicit\u00e9s ?<\/strong><\/span><\/h3>\r\n<p><span style=\"color: #263574;\">Nous n\u2019utilisons votre adresse email que pour vous proposer des services similaires \u00e0 celui ou ceux que vous avez d\u00e9j\u00e0 utilis\u00e9s.<\/span><\/p>\r\n<p><span style=\"color: #263574;\">Moyennant votre accord, nous vous abonnerons \u00e0 notre newsletter et vous proposerons d\u2019autres articles\/services susceptibles de vous int\u00e9resser. Vous pouvez vous d\u00e9sabonner et retirer votre consentement \u00e0 ces communications \u00e0 tout moment en envoyant un email \u00e0 l\u2019adresse suivante :\u00a0\u00a0<a style=\"color: #263574;\">contact@helpycom.fr<\/a>\u00a0ou en cliquant sur le lien actif \u00e0 chaque fin communication adress\u00e9e.<\/span><\/p>\r\n<h3><span style=\"color: #263574;\"><strong>11. Quelle est notre politique relative aux donn\u00e9es concernant des mineurs ?<\/strong><\/span><\/h3>\r\n<p><span style=\"color: #263574;\">Notre site et notre syst\u00e8me de r\u00e9servation ne sont pas adress\u00e9s aux enfants de moins de 18 ans. Si vous apprenez que votre enfant mineur nous a fourni ses donn\u00e9es personnelles sans votre consentement, contactez-nous \u00e0 l\u2019adresse suivante :\u00a0<a style=\"color: #263574;\">contact@helpycom.fr<\/a>.<\/span><\/p>\r\n<h3><span style=\"color: #263574;\"><strong>12. Que se passe-t-il en cas de modifications de la politique de confidentialit\u00e9 ?<\/strong><\/span><\/h3>\r\n<p><span style=\"color: #263574;\">Si nous devions modifier la pr\u00e9sente politique de confidentialit\u00e9, nous vous en avertirons par le biais du moyen le plus appropri\u00e9, notamment par email, par l\u2019interm\u00e9diaire de notre site internet ou tout autre moyen de communication.<\/span><\/p>\r\n<h3><span style=\"color: #263574;\"><strong>13. Que faire en cas de diff\u00e9rend ?<\/strong><\/span><\/h3>\r\n<p><span style=\"color: #263574;\">Les longs proc\u00e8s ne profitent \u00e0 personne. En cas de diff\u00e9rend entre nous, nous nous engageons \u00e0 privil\u00e9gier le dialogue et l\u2019ouverture \u00e0 la recherche d\u2019une solution amiable.<\/span><\/p>\r\n[\/vc_column_text][\/vc_column][\/vc_row]","protected":false},"excerpt":{"rendered":"<p>[vc_row type=\u00a0\u00bbin_container\u00a0\u00bb full_screen_row_position=\u00a0\u00bbmiddle\u00a0\u00bb column_margin=\u00a0\u00bbdefault\u00a0\u00bb column_direction=\u00a0\u00bbdefault\u00a0\u00bb column_direction_tablet=\u00a0\u00bbdefault\u00a0\u00bb column_direction_phone=\u00a0\u00bbdefault\u00a0\u00bb scene_position=\u00a0\u00bbcenter\u00a0\u00bb text_color=\u00a0\u00bbdark\u00a0\u00bb text_align=\u00a0\u00bbleft\u00a0\u00bb row_border_radius=\u00a0\u00bbnone\u00a0\u00bb row_border_radius_applies=\u00a0\u00bbbg\u00a0\u00bb overflow=\u00a0\u00bbvisible\u00a0\u00bb overlay_strength=\u00a0\u00bb0.3&Prime; gradient_direction=\u00a0\u00bbleft_to_right\u00a0\u00bb&#8230;<\/p>\n","protected":false},"author":1,"featured_media":0,"parent":0,"menu_order":0,"comment_status":"closed","ping_status":"open","template":"","meta":{"footnotes":""},"class_list":["post-3","page","type-page","status-publish"],"yoast_head":"<!-- This site is optimized with the Yoast SEO Premium plugin v19.3 (Yoast SEO v27.5) - https:\/\/yoast.com\/product\/yoast-seo-premium-wordpress\/ -->\n<title>Politique de confidentialit\u00e9 - Carri\u00e8res d&#039;Houdain<\/title>\n<meta name=\"robots\" content=\"index, follow, max-snippet:-1, max-image-preview:large, max-video-preview:-1\" \/>\n<link rel=\"canonical\" href=\"https:\/\/carrieres-houdain.fr\/index.php\/politique-de-confidentialite\/\" \/>\n<meta property=\"og:locale\" content=\"fr_FR\" \/>\n<meta property=\"og:type\" content=\"article\" \/>\n<meta property=\"og:title\" content=\"Politique de confidentialit\u00e9\" \/>\n<meta property=\"og:description\" content=\"[vc_row type=\u00a0\u00bbin_container\u00a0\u00bb full_screen_row_position=\u00a0\u00bbmiddle\u00a0\u00bb column_margin=\u00a0\u00bbdefault\u00a0\u00bb column_direction=\u00a0\u00bbdefault\u00a0\u00bb column_direction_tablet=\u00a0\u00bbdefault\u00a0\u00bb column_direction_phone=\u00a0\u00bbdefault\u00a0\u00bb scene_position=\u00a0\u00bbcenter\u00a0\u00bb text_color=\u00a0\u00bbdark\u00a0\u00bb text_align=\u00a0\u00bbleft\u00a0\u00bb row_border_radius=\u00a0\u00bbnone\u00a0\u00bb row_border_radius_applies=\u00a0\u00bbbg\u00a0\u00bb overflow=\u00a0\u00bbvisible\u00a0\u00bb overlay_strength=\u00a0\u00bb0.3&Prime; gradient_direction=\u00a0\u00bbleft_to_right\u00a0\u00bb...\" \/>\n<meta property=\"og:url\" content=\"https:\/\/carrieres-houdain.fr\/index.php\/politique-de-confidentialite\/\" \/>\n<meta property=\"og:site_name\" content=\"Carri\u00e8res d&#039;Houdain\" \/>\n<meta property=\"article:publisher\" content=\"https:\/\/fr-fr.facebook.com\/carrieres.houdain\/\" \/>\n<meta property=\"article:modified_time\" content=\"2022-06-04T09:24:10+00:00\" \/>\n<meta name=\"twitter:card\" content=\"summary_large_image\" \/>\n<meta name=\"twitter:label1\" content=\"Dur\u00e9e de lecture estim\u00e9e\" \/>\n\t<meta name=\"twitter:data1\" content=\"6 minutes\" \/>\n<script type=\"application\/ld+json\" class=\"yoast-schema-graph\">{\"@context\":\"https:\\\/\\\/schema.org\",\"@graph\":[{\"@type\":\"WebPage\",\"@id\":\"https:\\\/\\\/carrieres-houdain.fr\\\/index.php\\\/politique-de-confidentialite\\\/\",\"url\":\"https:\\\/\\\/carrieres-houdain.fr\\\/index.php\\\/politique-de-confidentialite\\\/\",\"name\":\"Politique de confidentialit\u00e9 - Carri\u00e8res d&#039;Houdain\",\"isPartOf\":{\"@id\":\"https:\\\/\\\/carrieres-houdain.fr\\\/#website\"},\"datePublished\":\"2022-01-20T15:01:34+00:00\",\"dateModified\":\"2022-06-04T09:24:10+00:00\",\"breadcrumb\":{\"@id\":\"https:\\\/\\\/carrieres-houdain.fr\\\/index.php\\\/politique-de-confidentialite\\\/#breadcrumb\"},\"inLanguage\":\"fr-FR\",\"potentialAction\":[{\"@type\":\"ReadAction\",\"target\":[\"https:\\\/\\\/carrieres-houdain.fr\\\/index.php\\\/politique-de-confidentialite\\\/\"]}]},{\"@type\":\"BreadcrumbList\",\"@id\":\"https:\\\/\\\/carrieres-houdain.fr\\\/index.php\\\/politique-de-confidentialite\\\/#breadcrumb\",\"itemListElement\":[{\"@type\":\"ListItem\",\"position\":1,\"name\":\"Accueil\",\"item\":\"https:\\\/\\\/carrieres-houdain.fr\\\/\"},{\"@type\":\"ListItem\",\"position\":2,\"name\":\"Politique de confidentialit\u00e9\"}]},{\"@type\":\"WebSite\",\"@id\":\"https:\\\/\\\/carrieres-houdain.fr\\\/#website\",\"url\":\"https:\\\/\\\/carrieres-houdain.fr\\\/\",\"name\":\"Carri\u00e8res d&#039;Houdain\",\"description\":\"L&#039;enrob\u00e9s pour tous.\",\"publisher\":{\"@id\":\"https:\\\/\\\/carrieres-houdain.fr\\\/#organization\"},\"potentialAction\":[{\"@type\":\"SearchAction\",\"target\":{\"@type\":\"EntryPoint\",\"urlTemplate\":\"https:\\\/\\\/carrieres-houdain.fr\\\/?s={search_term_string}\"},\"query-input\":{\"@type\":\"PropertyValueSpecification\",\"valueRequired\":true,\"valueName\":\"search_term_string\"}}],\"inLanguage\":\"fr-FR\"},{\"@type\":\"Organization\",\"@id\":\"https:\\\/\\\/carrieres-houdain.fr\\\/#organization\",\"name\":\"Carri\u00e8res d'Houdain\",\"url\":\"https:\\\/\\\/carrieres-houdain.fr\\\/\",\"logo\":{\"@type\":\"ImageObject\",\"inLanguage\":\"fr-FR\",\"@id\":\"https:\\\/\\\/carrieres-houdain.fr\\\/#\\\/schema\\\/logo\\\/image\\\/\",\"url\":\"http:\\\/\\\/carrieres-houdain.fr\\\/wp-content\\\/uploads\\\/2022\\\/05\\\/TEST-2-LOGO.png\",\"contentUrl\":\"http:\\\/\\\/carrieres-houdain.fr\\\/wp-content\\\/uploads\\\/2022\\\/05\\\/TEST-2-LOGO.png\",\"width\":459,\"height\":190,\"caption\":\"Carri\u00e8res d'Houdain\"},\"image\":{\"@id\":\"https:\\\/\\\/carrieres-houdain.fr\\\/#\\\/schema\\\/logo\\\/image\\\/\"},\"sameAs\":[\"https:\\\/\\\/fr-fr.facebook.com\\\/carrieres.houdain\\\/\"]}]}<\/script>\n<!-- \/ Yoast SEO Premium plugin. -->","yoast_head_json":{"title":"Politique de confidentialit\u00e9 - Carri\u00e8res d&#039;Houdain","robots":{"index":"index","follow":"follow","max-snippet":"max-snippet:-1","max-image-preview":"max-image-preview:large","max-video-preview":"max-video-preview:-1"},"canonical":"https:\/\/carrieres-houdain.fr\/index.php\/politique-de-confidentialite\/","og_locale":"fr_FR","og_type":"article","og_title":"Politique de confidentialit\u00e9","og_description":"[vc_row type=\u00a0\u00bbin_container\u00a0\u00bb full_screen_row_position=\u00a0\u00bbmiddle\u00a0\u00bb column_margin=\u00a0\u00bbdefault\u00a0\u00bb column_direction=\u00a0\u00bbdefault\u00a0\u00bb column_direction_tablet=\u00a0\u00bbdefault\u00a0\u00bb column_direction_phone=\u00a0\u00bbdefault\u00a0\u00bb scene_position=\u00a0\u00bbcenter\u00a0\u00bb text_color=\u00a0\u00bbdark\u00a0\u00bb text_align=\u00a0\u00bbleft\u00a0\u00bb row_border_radius=\u00a0\u00bbnone\u00a0\u00bb row_border_radius_applies=\u00a0\u00bbbg\u00a0\u00bb overflow=\u00a0\u00bbvisible\u00a0\u00bb overlay_strength=\u00a0\u00bb0.3&Prime; gradient_direction=\u00a0\u00bbleft_to_right\u00a0\u00bb...","og_url":"https:\/\/carrieres-houdain.fr\/index.php\/politique-de-confidentialite\/","og_site_name":"Carri\u00e8res d&#039;Houdain","article_publisher":"https:\/\/fr-fr.facebook.com\/carrieres.houdain\/","article_modified_time":"2022-06-04T09:24:10+00:00","twitter_card":"summary_large_image","twitter_misc":{"Dur\u00e9e de lecture estim\u00e9e":"6 minutes"},"schema":{"@context":"https:\/\/schema.org","@graph":[{"@type":"WebPage","@id":"https:\/\/carrieres-houdain.fr\/index.php\/politique-de-confidentialite\/","url":"https:\/\/carrieres-houdain.fr\/index.php\/politique-de-confidentialite\/","name":"Politique de confidentialit\u00e9 - Carri\u00e8res d&#039;Houdain","isPartOf":{"@id":"https:\/\/carrieres-houdain.fr\/#website"},"datePublished":"2022-01-20T15:01:34+00:00","dateModified":"2022-06-04T09:24:10+00:00","breadcrumb":{"@id":"https:\/\/carrieres-houdain.fr\/index.php\/politique-de-confidentialite\/#breadcrumb"},"inLanguage":"fr-FR","potentialAction":[{"@type":"ReadAction","target":["https:\/\/carrieres-houdain.fr\/index.php\/politique-de-confidentialite\/"]}]},{"@type":"BreadcrumbList","@id":"https:\/\/carrieres-houdain.fr\/index.php\/politique-de-confidentialite\/#breadcrumb","itemListElement":[{"@type":"ListItem","position":1,"name":"Accueil","item":"https:\/\/carrieres-houdain.fr\/"},{"@type":"ListItem","position":2,"name":"Politique de confidentialit\u00e9"}]},{"@type":"WebSite","@id":"https:\/\/carrieres-houdain.fr\/#website","url":"https:\/\/carrieres-houdain.fr\/","name":"Carri\u00e8res d&#039;Houdain","description":"L&#039;enrob\u00e9s pour tous.","publisher":{"@id":"https:\/\/carrieres-houdain.fr\/#organization"},"potentialAction":[{"@type":"SearchAction","target":{"@type":"EntryPoint","urlTemplate":"https:\/\/carrieres-houdain.fr\/?s={search_term_string}"},"query-input":{"@type":"PropertyValueSpecification","valueRequired":true,"valueName":"search_term_string"}}],"inLanguage":"fr-FR"},{"@type":"Organization","@id":"https:\/\/carrieres-houdain.fr\/#organization","name":"Carri\u00e8res d'Houdain","url":"https:\/\/carrieres-houdain.fr\/","logo":{"@type":"ImageObject","inLanguage":"fr-FR","@id":"https:\/\/carrieres-houdain.fr\/#\/schema\/logo\/image\/","url":"http:\/\/carrieres-houdain.fr\/wp-content\/uploads\/2022\/05\/TEST-2-LOGO.png","contentUrl":"http:\/\/carrieres-houdain.fr\/wp-content\/uploads\/2022\/05\/TEST-2-LOGO.png","width":459,"height":190,"caption":"Carri\u00e8res d'Houdain"},"image":{"@id":"https:\/\/carrieres-houdain.fr\/#\/schema\/logo\/image\/"},"sameAs":["https:\/\/fr-fr.facebook.com\/carrieres.houdain\/"]}]}},"_links":{"self":[{"href":"https:\/\/carrieres-houdain.fr\/index.php\/wp-json\/wp\/v2\/pages\/3","targetHints":{"allow":["GET"]}}],"collection":[{"href":"https:\/\/carrieres-houdain.fr\/index.php\/wp-json\/wp\/v2\/pages"}],"about":[{"href":"https:\/\/carrieres-houdain.fr\/index.php\/wp-json\/wp\/v2\/types\/page"}],"author":[{"embeddable":true,"href":"https:\/\/carrieres-houdain.fr\/index.php\/wp-json\/wp\/v2\/users\/1"}],"replies":[{"embeddable":true,"href":"https:\/\/carrieres-houdain.fr\/index.php\/wp-json\/wp\/v2\/comments?post=3"}],"version-history":[{"count":1,"href":"https:\/\/carrieres-houdain.fr\/index.php\/wp-json\/wp\/v2\/pages\/3\/revisions"}],"predecessor-version":[{"id":6119,"href":"https:\/\/carrieres-houdain.fr\/index.php\/wp-json\/wp\/v2\/pages\/3\/revisions\/6119"}],"wp:attachment":[{"href":"https:\/\/carrieres-houdain.fr\/index.php\/wp-json\/wp\/v2\/media?parent=3"}],"curies":[{"name":"wp","href":"https:\/\/api.w.org\/{rel}","templated":true}]}}