{"id":6022,"date":"2022-05-16T18:25:03","date_gmt":"2022-05-16T16:25:03","guid":{"rendered":"http:\/\/carrieres-houdain.fr\/?page_id=6022"},"modified":"2022-09-12T10:42:09","modified_gmt":"2022-09-12T08:42:09","slug":"production-vente-denrobes","status":"publish","type":"page","link":"https:\/\/carrieres-houdain.fr\/index.php\/nos-services-produits\/production-vente-denrobes\/","title":{"rendered":"Production &#038; vente d&rsquo;enrob\u00e9s"},"content":{"rendered":"[vc_row type=\u00a0\u00bbfull_width_content\u00a0\u00bb full_screen_row_position=\u00a0\u00bbmiddle\u00a0\u00bb column_margin=\u00a0\u00bbdefault\u00a0\u00bb column_direction=\u00a0\u00bbdefault\u00a0\u00bb column_direction_tablet=\u00a0\u00bbdefault\u00a0\u00bb column_direction_phone=\u00a0\u00bbdefault\u00a0\u00bb scene_position=\u00a0\u00bbcenter\u00a0\u00bb text_color=\u00a0\u00bbdark\u00a0\u00bb text_align=\u00a0\u00bbleft\u00a0\u00bb row_border_radius=\u00a0\u00bbnone\u00a0\u00bb row_border_radius_applies=\u00a0\u00bbbg\u00a0\u00bb overflow=\u00a0\u00bbvisible\u00a0\u00bb advanced_gradient_angle=\u00a0\u00bb0&Prime; overlay_strength=\u00a0\u00bb0.3&Prime; gradient_direction=\u00a0\u00bbleft_to_right\u00a0\u00bb shape_divider_position=\u00a0\u00bbbottom\u00a0\u00bb bg_image_animation=\u00a0\u00bbnone\u00a0\u00bb gradient_type=\u00a0\u00bbdefault\u00a0\u00bb shape_type=\u00a0\u00bb\u00a0\u00bb][vc_column column_padding=\u00a0\u00bbno-extra-padding\u00a0\u00bb column_padding_tablet=\u00a0\u00bbinherit\u00a0\u00bb column_padding_phone=\u00a0\u00bbinherit\u00a0\u00bb column_padding_position=\u00a0\u00bball\u00a0\u00bb column_element_spacing=\u00a0\u00bbdefault\u00a0\u00bb background_color_opacity=\u00a0\u00bb1&Prime; background_hover_color_opacity=\u00a0\u00bb1&Prime; column_shadow=\u00a0\u00bbnone\u00a0\u00bb column_border_radius=\u00a0\u00bbnone\u00a0\u00bb column_link_target=\u00a0\u00bb_self\u00a0\u00bb column_position=\u00a0\u00bbdefault\u00a0\u00bb gradient_direction=\u00a0\u00bbleft_to_right\u00a0\u00bb overlay_strength=\u00a0\u00bb0.3&Prime; width=\u00a0\u00bb1\/1&Prime; tablet_width_inherit=\u00a0\u00bbdefault\u00a0\u00bb tablet_text_alignment=\u00a0\u00bbdefault\u00a0\u00bb phone_text_alignment=\u00a0\u00bbdefault\u00a0\u00bb animation_type=\u00a0\u00bbdefault\u00a0\u00bb bg_image_animation=\u00a0\u00bbnone\u00a0\u00bb border_type=\u00a0\u00bbsimple\u00a0\u00bb column_border_width=\u00a0\u00bbnone\u00a0\u00bb column_border_style=\u00a0\u00bbsolid\u00a0\u00bb][vc_custom_heading text=\u00a0\u00bbPRODUCTION ET VENTE D&rsquo;ENROBES \u00c0 CHAUD\u00a0\u00bb font_container=\u00a0\u00bbtag:h2|font_size:25|text_align:center|color:%23263574&Prime; google_fonts=\u00a0\u00bbfont_family:montserrat%3Aregular|font_style:400%20regular%3A400%3Anormal\u00a0\u00bb css=\u00a0\u00bb.vc_custom_1658136441100{margin-top: 50px !important;margin-bottom: 50px !important;padding-right: 30px !important;background-color: #f7b414 !important;border-radius: 10px !important;}\u00a0\u00bb][\/vc_column][\/vc_row][vc_row type=\u00a0\u00bbfull_width_background\u00a0\u00bb full_screen_row_position=\u00a0\u00bbmiddle\u00a0\u00bb column_margin=\u00a0\u00bb90px\u00a0\u00bb equal_height=\u00a0\u00bbyes\u00a0\u00bb content_placement=\u00a0\u00bbmiddle\u00a0\u00bb column_direction=\u00a0\u00bbdefault\u00a0\u00bb column_direction_tablet=\u00a0\u00bbcolumn_reverse\u00a0\u00bb column_direction_phone=\u00a0\u00bbcolumn_reverse\u00a0\u00bb bg_color=\u00a0\u00bb#ffffff\u00a0\u00bb scene_position=\u00a0\u00bbcenter\u00a0\u00bb top_padding_tablet=\u00a0\u00bb8%\u00a0\u00bb bottom_padding_tablet=\u00a0\u00bb8%\u00a0\u00bb text_color=\u00a0\u00bbdark\u00a0\u00bb text_align=\u00a0\u00bbleft\u00a0\u00bb row_border_radius=\u00a0\u00bbnone\u00a0\u00bb row_border_radius_applies=\u00a0\u00bbbg\u00a0\u00bb overflow=\u00a0\u00bbvisible\u00a0\u00bb id=\u00a0\u00bbhome\u00a0\u00bb advanced_gradient_angle=\u00a0\u00bb0&Prime; overlay_strength=\u00a0\u00bb0.5&Prime; gradient_direction=\u00a0\u00bbtop_to_bottom\u00a0\u00bb shape_divider_position=\u00a0\u00bbbottom\u00a0\u00bb bg_image_animation=\u00a0\u00bbnone\u00a0\u00bb shape_type=\u00a0\u00bbstraight_section\u00a0\u00bb gradient_type=\u00a0\u00bbdefault\u00a0\u00bb][vc_column column_padding=\u00a0\u00bbno-extra-padding\u00a0\u00bb column_padding_tablet=\u00a0\u00bbno-extra-padding\u00a0\u00bb column_padding_phone=\u00a0\u00bbno-extra-padding\u00a0\u00bb column_padding_position=\u00a0\u00bbright\u00a0\u00bb top_margin=\u00a0\u00bb-5%\u00a0\u00bb column_element_spacing=\u00a0\u00bbdefault\u00a0\u00bb background_color_opacity=\u00a0\u00bb1&Prime; background_hover_color_opacity=\u00a0\u00bb1&Prime; column_shadow=\u00a0\u00bbnone\u00a0\u00bb column_border_radius=\u00a0\u00bbnone\u00a0\u00bb column_link_target=\u00a0\u00bb_self\u00a0\u00bb column_position=\u00a0\u00bbdefault\u00a0\u00bb zindex=\u00a0\u00bb100&Prime; advanced_gradient_angle=\u00a0\u00bb0&Prime; gradient_direction=\u00a0\u00bbleft_t_to_right_b\u00a0\u00bb overlay_strength=\u00a0\u00bb0.3&Prime; width=\u00a0\u00bb1\/2&Prime; tablet_width_inherit=\u00a0\u00bbdefault\u00a0\u00bb tablet_text_alignment=\u00a0\u00bbdefault\u00a0\u00bb phone_text_alignment=\u00a0\u00bbdefault\u00a0\u00bb animation_type=\u00a0\u00bbdefault\u00a0\u00bb bg_image_animation=\u00a0\u00bbnone\u00a0\u00bb border_type=\u00a0\u00bbsimple\u00a0\u00bb column_border_width=\u00a0\u00bbnone\u00a0\u00bb column_border_style=\u00a0\u00bbsolid\u00a0\u00bb offset=\u00a0\u00bbvc_col-xs-12&Prime; gradient_type=\u00a0\u00bbdefault\u00a0\u00bb][image_with_animation image_url=\u00a0\u00bb6864&Prime; image_size=\u00a0\u00bbmedium_featured\u00a0\u00bb animation_type=\u00a0\u00bbentrance\u00a0\u00bb animation=\u00a0\u00bbFade In\u00a0\u00bb hover_animation=\u00a0\u00bbnone\u00a0\u00bb alignment=\u00a0\u00bb\u00a0\u00bb border_radius=\u00a0\u00bbnone\u00a0\u00bb box_shadow=\u00a0\u00bbnone\u00a0\u00bb image_loading=\u00a0\u00bbdefault\u00a0\u00bb max_width=\u00a0\u00bb100%\u00a0\u00bb max_width_mobile=\u00a0\u00bbdefault\u00a0\u00bb][\/vc_column][vc_column column_padding=\u00a0\u00bbno-extra-padding\u00a0\u00bb column_padding_tablet=\u00a0\u00bbinherit\u00a0\u00bb column_padding_phone=\u00a0\u00bbinherit\u00a0\u00bb column_padding_position=\u00a0\u00bball\u00a0\u00bb column_element_spacing=\u00a0\u00bbdefault\u00a0\u00bb background_color_opacity=\u00a0\u00bb1&Prime; background_hover_color_opacity=\u00a0\u00bb1&Prime; column_shadow=\u00a0\u00bbnone\u00a0\u00bb column_border_radius=\u00a0\u00bbnone\u00a0\u00bb column_link_target=\u00a0\u00bb_self\u00a0\u00bb column_position=\u00a0\u00bbdefault\u00a0\u00bb advanced_gradient_angle=\u00a0\u00bb0&Prime; gradient_direction=\u00a0\u00bbleft_to_right\u00a0\u00bb overlay_strength=\u00a0\u00bb0.5&Prime; width=\u00a0\u00bb1\/2&Prime; tablet_width_inherit=\u00a0\u00bbdefault\u00a0\u00bb tablet_text_alignment=\u00a0\u00bbdefault\u00a0\u00bb phone_text_alignment=\u00a0\u00bbdefault\u00a0\u00bb animation_type=\u00a0\u00bbdefault\u00a0\u00bb bg_image_animation=\u00a0\u00bbnone\u00a0\u00bb border_type=\u00a0\u00bbsimple\u00a0\u00bb column_border_width=\u00a0\u00bbnone\u00a0\u00bb column_border_style=\u00a0\u00bbsolid\u00a0\u00bb offset=\u00a0\u00bbvc_col-xs-12&Prime; gradient_type=\u00a0\u00bbdefault\u00a0\u00bb][vc_row_inner equal_height=\u00a0\u00bbyes\u00a0\u00bb column_margin=\u00a0\u00bbdefault\u00a0\u00bb column_direction=\u00a0\u00bbdefault\u00a0\u00bb column_direction_tablet=\u00a0\u00bbdefault\u00a0\u00bb column_direction_phone=\u00a0\u00bbdefault\u00a0\u00bb text_align=\u00a0\u00bbleft\u00a0\u00bb row_position=\u00a0\u00bbdefault\u00a0\u00bb row_position_tablet=\u00a0\u00bbinherit\u00a0\u00bb row_position_phone=\u00a0\u00bbinherit\u00a0\u00bb overflow=\u00a0\u00bbvisible\u00a0\u00bb pointer_events=\u00a0\u00bball\u00a0\u00bb min_width=\u00a0\u00bb47vh\u00a0\u00bb][vc_column_inner column_padding=\u00a0\u00bbno-extra-padding\u00a0\u00bb column_padding_tablet=\u00a0\u00bbinherit\u00a0\u00bb column_padding_phone=\u00a0\u00bbinherit\u00a0\u00bb column_padding_position=\u00a0\u00bball\u00a0\u00bb bottom_margin=\u00a0\u00bb15&Prime; column_element_spacing=\u00a0\u00bb5px\u00a0\u00bb background_color_opacity=\u00a0\u00bb1&Prime; background_hover_color_opacity=\u00a0\u00bb1&Prime; column_shadow=\u00a0\u00bbnone\u00a0\u00bb column_border_radius=\u00a0\u00bbnone\u00a0\u00bb column_link_target=\u00a0\u00bb_self\u00a0\u00bb advanced_gradient_angle=\u00a0\u00bb0&Prime; gradient_direction=\u00a0\u00bbleft_to_right\u00a0\u00bb overlay_strength=\u00a0\u00bb0.3&Prime; width=\u00a0\u00bb1\/1&Prime; tablet_width_inherit=\u00a0\u00bbdefault\u00a0\u00bb animation_type=\u00a0\u00bbdefault\u00a0\u00bb enable_animation=\u00a0\u00bbtrue\u00a0\u00bb animation=\u00a0\u00bbfade-in-from-bottom\u00a0\u00bb bg_image_animation=\u00a0\u00bbnone\u00a0\u00bb border_type=\u00a0\u00bbsimple\u00a0\u00bb column_border_width=\u00a0\u00bbnone\u00a0\u00bb column_border_style=\u00a0\u00bbsolid\u00a0\u00bb enable_border_animation=\u00a0\u00bbtrue\u00a0\u00bb gradient_type=\u00a0\u00bbdefault\u00a0\u00bb][vc_column_text]\n<p style=\"font-weight: 400; text-align: justify;\"><span style=\"font-family: Arial, Helvetica, sans-serif; color: #263574;\">Au d\u00e9part du site de <strong>Houdain-Lez-Bavay (59)<\/strong>, directement desservi par la voie rapide <strong>D649<\/strong> entre Maubeuge et Valenciennes et \u00e0 50 km de Cambrai, nous fabriquons <strong>quotidiennement<\/strong> des b\u00e9tons bitumineux, \u00e0 destination de nos chantiers, mais aussi propos\u00e9s \u00e0 la vente pour <strong>les clients tiers.<\/strong><\/span><\/p>\n<p style=\"font-weight: 400; text-align: justify;\"><span style=\"font-family: Arial, Helvetica, sans-serif; color: #263574;\">De la Grave Bitume \u00e0 la Couche de Roulement : nous produisons plusieurs granulom\u00e9tries <strong>d\u2019enrob\u00e9s calcaires<\/strong>, <strong>porphyres<\/strong>, <strong>mixtes<\/strong> et de <strong>couleurs.<\/strong><\/span><\/p>\n<p style=\"font-weight: 400; text-align: justify;\"><span style=\"font-family: Arial, Helvetica, sans-serif; color: #263574;\">Gr\u00e2ce \u00e0 nos m\u00e9thodes de production, nous sommes en mesure de passer rapidement de la fabrication d\u2019un produit \u00e0 un autre, <strong>sans d\u00e9lai<\/strong> pour le client.<\/span><\/p>\n<p style=\"font-weight: 400; text-align: justify;\"><span style=\"font-family: Arial, Helvetica, sans-serif; color: #263574;\">La <strong>connaissance parfaite<\/strong> de nos granulats, le strict <strong>respect des normes<\/strong> et des dosages dans les formules de fabrication, nous permet de garantir la <strong>totale qualit\u00e9 et conformit\u00e9<\/strong> des enrob\u00e9s produits par nos postes de fabrication.<\/span><\/p>\n<p style=\"font-weight: 400; text-align: justify;\"><span style=\"font-family: Arial, Helvetica, sans-serif; color: #263574;\"><span style=\"font-family: Arial, Helvetica, sans-serif; color: #263574;\">La <strong>proximit\u00e9<\/strong> imm\u00e9diate de la carri\u00e8re, source 1\u00e9re d\u2019approvisionnement en granulats pour la fabrication des enrob\u00e9s, permet de <strong>r\u00e9duire<\/strong> l\u2019impact environnemental des approvisionnements de nos centrales par camions.<\/span><\/span><\/p>\n<p style=\"font-weight: 400; text-align: center;\"><strong><span style=\"font-family: Arial, Helvetica, sans-serif; color: #263574;\"><span style=\"font-family: Arial, Helvetica, sans-serif; color: #263574;\">Pour connaitre les granulom\u00e9tries fabriqu\u00e9es, merci de nous <a style=\"color: #263574;\" href=\"https:\/\/carrieres-houdain.fr\/index.php\/contact-et-horaires\/\">contacter<\/a> directement.<\/span><\/span><\/strong><\/p>\n<p>&nbsp;[\/vc_column_text][\/vc_column_inner][\/vc_row_inner][\/vc_column][\/vc_row]\n","protected":false},"excerpt":{"rendered":"<p>[vc_row type=\u00a0\u00bbfull_width_content\u00a0\u00bb full_screen_row_position=\u00a0\u00bbmiddle\u00a0\u00bb column_margin=\u00a0\u00bbdefault\u00a0\u00bb column_direction=\u00a0\u00bbdefault\u00a0\u00bb column_direction_tablet=\u00a0\u00bbdefault\u00a0\u00bb column_direction_phone=\u00a0\u00bbdefault\u00a0\u00bb scene_position=\u00a0\u00bbcenter\u00a0\u00bb text_color=\u00a0\u00bbdark\u00a0\u00bb text_align=\u00a0\u00bbleft\u00a0\u00bb row_border_radius=\u00a0\u00bbnone\u00a0\u00bb row_border_radius_applies=\u00a0\u00bbbg\u00a0\u00bb overflow=\u00a0\u00bbvisible\u00a0\u00bb advanced_gradient_angle=\u00a0\u00bb0&Prime; overlay_strength=\u00a0\u00bb0.3&Prime;&#8230;<\/p>\n","protected":false},"author":2,"featured_media":0,"parent":5971,"menu_order":0,"comment_status":"closed","ping_status":"closed","template":"","meta":{"footnotes":""},"class_list":["post-6022","page","type-page","status-publish"],"yoast_head":"<!-- This site is optimized with the Yoast SEO Premium plugin v19.3 (Yoast SEO v27.5) - https:\/\/yoast.com\/product\/yoast-seo-premium-wordpress\/ -->\n<title>Production &amp; vente d&#039;enrob\u00e9s - Carri\u00e8res d&#039;Houdain<\/title>\n<meta name=\"robots\" content=\"index, follow, max-snippet:-1, max-image-preview:large, max-video-preview:-1\" \/>\n<link rel=\"canonical\" href=\"https:\/\/carrieres-houdain.fr\/index.php\/nos-services-produits\/production-vente-denrobes\/\" \/>\n<meta property=\"og:locale\" content=\"fr_FR\" \/>\n<meta property=\"og:type\" content=\"article\" \/>\n<meta property=\"og:title\" content=\"Production &amp; vente d&#039;enrob\u00e9s\" \/>\n<meta property=\"og:description\" content=\"[vc_row type=\u00a0\u00bbfull_width_content\u00a0\u00bb full_screen_row_position=\u00a0\u00bbmiddle\u00a0\u00bb column_margin=\u00a0\u00bbdefault\u00a0\u00bb column_direction=\u00a0\u00bbdefault\u00a0\u00bb column_direction_tablet=\u00a0\u00bbdefault\u00a0\u00bb column_direction_phone=\u00a0\u00bbdefault\u00a0\u00bb scene_position=\u00a0\u00bbcenter\u00a0\u00bb text_color=\u00a0\u00bbdark\u00a0\u00bb text_align=\u00a0\u00bbleft\u00a0\u00bb row_border_radius=\u00a0\u00bbnone\u00a0\u00bb row_border_radius_applies=\u00a0\u00bbbg\u00a0\u00bb overflow=\u00a0\u00bbvisible\u00a0\u00bb advanced_gradient_angle=\u00a0\u00bb0&Prime; overlay_strength=\u00a0\u00bb0.3&Prime;...\" \/>\n<meta property=\"og:url\" content=\"https:\/\/carrieres-houdain.fr\/index.php\/nos-services-produits\/production-vente-denrobes\/\" \/>\n<meta property=\"og:site_name\" content=\"Carri\u00e8res d&#039;Houdain\" \/>\n<meta property=\"article:publisher\" content=\"https:\/\/fr-fr.facebook.com\/carrieres.houdain\/\" \/>\n<meta property=\"article:modified_time\" content=\"2022-09-12T08:42:09+00:00\" \/>\n<meta name=\"twitter:card\" content=\"summary_large_image\" \/>\n<meta name=\"twitter:label1\" content=\"Dur\u00e9e de lecture estim\u00e9e\" \/>\n\t<meta name=\"twitter:data1\" content=\"4 minutes\" \/>\n<script type=\"application\/ld+json\" class=\"yoast-schema-graph\">{\"@context\":\"https:\\\/\\\/schema.org\",\"@graph\":[{\"@type\":\"WebPage\",\"@id\":\"https:\\\/\\\/carrieres-houdain.fr\\\/index.php\\\/nos-services-produits\\\/production-vente-denrobes\\\/\",\"url\":\"https:\\\/\\\/carrieres-houdain.fr\\\/index.php\\\/nos-services-produits\\\/production-vente-denrobes\\\/\",\"name\":\"Production & vente d'enrob\u00e9s - Carri\u00e8res d&#039;Houdain\",\"isPartOf\":{\"@id\":\"https:\\\/\\\/carrieres-houdain.fr\\\/#website\"},\"datePublished\":\"2022-05-16T16:25:03+00:00\",\"dateModified\":\"2022-09-12T08:42:09+00:00\",\"breadcrumb\":{\"@id\":\"https:\\\/\\\/carrieres-houdain.fr\\\/index.php\\\/nos-services-produits\\\/production-vente-denrobes\\\/#breadcrumb\"},\"inLanguage\":\"fr-FR\",\"potentialAction\":[{\"@type\":\"ReadAction\",\"target\":[\"https:\\\/\\\/carrieres-houdain.fr\\\/index.php\\\/nos-services-produits\\\/production-vente-denrobes\\\/\"]}]},{\"@type\":\"BreadcrumbList\",\"@id\":\"https:\\\/\\\/carrieres-houdain.fr\\\/index.php\\\/nos-services-produits\\\/production-vente-denrobes\\\/#breadcrumb\",\"itemListElement\":[{\"@type\":\"ListItem\",\"position\":1,\"name\":\"Accueil\",\"item\":\"https:\\\/\\\/carrieres-houdain.fr\\\/\"},{\"@type\":\"ListItem\",\"position\":2,\"name\":\"Nos services et produits\",\"item\":\"https:\\\/\\\/carrieres-houdain.fr\\\/index.php\\\/nos-services-produits\\\/\"},{\"@type\":\"ListItem\",\"position\":3,\"name\":\"Production &#038; vente d&rsquo;enrob\u00e9s\"}]},{\"@type\":\"WebSite\",\"@id\":\"https:\\\/\\\/carrieres-houdain.fr\\\/#website\",\"url\":\"https:\\\/\\\/carrieres-houdain.fr\\\/\",\"name\":\"Carri\u00e8res d&#039;Houdain\",\"description\":\"L&#039;enrob\u00e9s pour tous.\",\"publisher\":{\"@id\":\"https:\\\/\\\/carrieres-houdain.fr\\\/#organization\"},\"potentialAction\":[{\"@type\":\"SearchAction\",\"target\":{\"@type\":\"EntryPoint\",\"urlTemplate\":\"https:\\\/\\\/carrieres-houdain.fr\\\/?s={search_term_string}\"},\"query-input\":{\"@type\":\"PropertyValueSpecification\",\"valueRequired\":true,\"valueName\":\"search_term_string\"}}],\"inLanguage\":\"fr-FR\"},{\"@type\":\"Organization\",\"@id\":\"https:\\\/\\\/carrieres-houdain.fr\\\/#organization\",\"name\":\"Carri\u00e8res d'Houdain\",\"url\":\"https:\\\/\\\/carrieres-houdain.fr\\\/\",\"logo\":{\"@type\":\"ImageObject\",\"inLanguage\":\"fr-FR\",\"@id\":\"https:\\\/\\\/carrieres-houdain.fr\\\/#\\\/schema\\\/logo\\\/image\\\/\",\"url\":\"http:\\\/\\\/carrieres-houdain.fr\\\/wp-content\\\/uploads\\\/2022\\\/05\\\/TEST-2-LOGO.png\",\"contentUrl\":\"http:\\\/\\\/carrieres-houdain.fr\\\/wp-content\\\/uploads\\\/2022\\\/05\\\/TEST-2-LOGO.png\",\"width\":459,\"height\":190,\"caption\":\"Carri\u00e8res d'Houdain\"},\"image\":{\"@id\":\"https:\\\/\\\/carrieres-houdain.fr\\\/#\\\/schema\\\/logo\\\/image\\\/\"},\"sameAs\":[\"https:\\\/\\\/fr-fr.facebook.com\\\/carrieres.houdain\\\/\"]}]}<\/script>\n<!-- \/ Yoast SEO Premium plugin. -->","yoast_head_json":{"title":"Production & vente d'enrob\u00e9s - Carri\u00e8res d&#039;Houdain","robots":{"index":"index","follow":"follow","max-snippet":"max-snippet:-1","max-image-preview":"max-image-preview:large","max-video-preview":"max-video-preview:-1"},"canonical":"https:\/\/carrieres-houdain.fr\/index.php\/nos-services-produits\/production-vente-denrobes\/","og_locale":"fr_FR","og_type":"article","og_title":"Production & vente d'enrob\u00e9s","og_description":"[vc_row type=\u00a0\u00bbfull_width_content\u00a0\u00bb full_screen_row_position=\u00a0\u00bbmiddle\u00a0\u00bb column_margin=\u00a0\u00bbdefault\u00a0\u00bb column_direction=\u00a0\u00bbdefault\u00a0\u00bb column_direction_tablet=\u00a0\u00bbdefault\u00a0\u00bb column_direction_phone=\u00a0\u00bbdefault\u00a0\u00bb scene_position=\u00a0\u00bbcenter\u00a0\u00bb text_color=\u00a0\u00bbdark\u00a0\u00bb text_align=\u00a0\u00bbleft\u00a0\u00bb row_border_radius=\u00a0\u00bbnone\u00a0\u00bb row_border_radius_applies=\u00a0\u00bbbg\u00a0\u00bb overflow=\u00a0\u00bbvisible\u00a0\u00bb advanced_gradient_angle=\u00a0\u00bb0&Prime; overlay_strength=\u00a0\u00bb0.3&Prime;...","og_url":"https:\/\/carrieres-houdain.fr\/index.php\/nos-services-produits\/production-vente-denrobes\/","og_site_name":"Carri\u00e8res d&#039;Houdain","article_publisher":"https:\/\/fr-fr.facebook.com\/carrieres.houdain\/","article_modified_time":"2022-09-12T08:42:09+00:00","twitter_card":"summary_large_image","twitter_misc":{"Dur\u00e9e de lecture estim\u00e9e":"4 minutes"},"schema":{"@context":"https:\/\/schema.org","@graph":[{"@type":"WebPage","@id":"https:\/\/carrieres-houdain.fr\/index.php\/nos-services-produits\/production-vente-denrobes\/","url":"https:\/\/carrieres-houdain.fr\/index.php\/nos-services-produits\/production-vente-denrobes\/","name":"Production & vente d'enrob\u00e9s - Carri\u00e8res d&#039;Houdain","isPartOf":{"@id":"https:\/\/carrieres-houdain.fr\/#website"},"datePublished":"2022-05-16T16:25:03+00:00","dateModified":"2022-09-12T08:42:09+00:00","breadcrumb":{"@id":"https:\/\/carrieres-houdain.fr\/index.php\/nos-services-produits\/production-vente-denrobes\/#breadcrumb"},"inLanguage":"fr-FR","potentialAction":[{"@type":"ReadAction","target":["https:\/\/carrieres-houdain.fr\/index.php\/nos-services-produits\/production-vente-denrobes\/"]}]},{"@type":"BreadcrumbList","@id":"https:\/\/carrieres-houdain.fr\/index.php\/nos-services-produits\/production-vente-denrobes\/#breadcrumb","itemListElement":[{"@type":"ListItem","position":1,"name":"Accueil","item":"https:\/\/carrieres-houdain.fr\/"},{"@type":"ListItem","position":2,"name":"Nos services et produits","item":"https:\/\/carrieres-houdain.fr\/index.php\/nos-services-produits\/"},{"@type":"ListItem","position":3,"name":"Production &#038; vente d&rsquo;enrob\u00e9s"}]},{"@type":"WebSite","@id":"https:\/\/carrieres-houdain.fr\/#website","url":"https:\/\/carrieres-houdain.fr\/","name":"Carri\u00e8res d&#039;Houdain","description":"L&#039;enrob\u00e9s pour tous.","publisher":{"@id":"https:\/\/carrieres-houdain.fr\/#organization"},"potentialAction":[{"@type":"SearchAction","target":{"@type":"EntryPoint","urlTemplate":"https:\/\/carrieres-houdain.fr\/?s={search_term_string}"},"query-input":{"@type":"PropertyValueSpecification","valueRequired":true,"valueName":"search_term_string"}}],"inLanguage":"fr-FR"},{"@type":"Organization","@id":"https:\/\/carrieres-houdain.fr\/#organization","name":"Carri\u00e8res d'Houdain","url":"https:\/\/carrieres-houdain.fr\/","logo":{"@type":"ImageObject","inLanguage":"fr-FR","@id":"https:\/\/carrieres-houdain.fr\/#\/schema\/logo\/image\/","url":"http:\/\/carrieres-houdain.fr\/wp-content\/uploads\/2022\/05\/TEST-2-LOGO.png","contentUrl":"http:\/\/carrieres-houdain.fr\/wp-content\/uploads\/2022\/05\/TEST-2-LOGO.png","width":459,"height":190,"caption":"Carri\u00e8res d'Houdain"},"image":{"@id":"https:\/\/carrieres-houdain.fr\/#\/schema\/logo\/image\/"},"sameAs":["https:\/\/fr-fr.facebook.com\/carrieres.houdain\/"]}]}},"_links":{"self":[{"href":"https:\/\/carrieres-houdain.fr\/index.php\/wp-json\/wp\/v2\/pages\/6022","targetHints":{"allow":["GET"]}}],"collection":[{"href":"https:\/\/carrieres-houdain.fr\/index.php\/wp-json\/wp\/v2\/pages"}],"about":[{"href":"https:\/\/carrieres-houdain.fr\/index.php\/wp-json\/wp\/v2\/types\/page"}],"author":[{"embeddable":true,"href":"https:\/\/carrieres-houdain.fr\/index.php\/wp-json\/wp\/v2\/users\/2"}],"replies":[{"embeddable":true,"href":"https:\/\/carrieres-houdain.fr\/index.php\/wp-json\/wp\/v2\/comments?post=6022"}],"version-history":[{"count":29,"href":"https:\/\/carrieres-houdain.fr\/index.php\/wp-json\/wp\/v2\/pages\/6022\/revisions"}],"predecessor-version":[{"id":6887,"href":"https:\/\/carrieres-houdain.fr\/index.php\/wp-json\/wp\/v2\/pages\/6022\/revisions\/6887"}],"up":[{"embeddable":true,"href":"https:\/\/carrieres-houdain.fr\/index.php\/wp-json\/wp\/v2\/pages\/5971"}],"wp:attachment":[{"href":"https:\/\/carrieres-houdain.fr\/index.php\/wp-json\/wp\/v2\/media?parent=6022"}],"curies":[{"name":"wp","href":"https:\/\/api.w.org\/{rel}","templated":true}]}}