{"id":6121,"date":"2022-06-04T11:17:44","date_gmt":"2022-06-04T09:17:44","guid":{"rendered":"http:\/\/carrieres-houdain.fr\/?page_id=6121"},"modified":"2022-07-27T11:29:46","modified_gmt":"2022-07-27T09:29:46","slug":"mentions-legales","status":"publish","type":"page","link":"https:\/\/carrieres-houdain.fr\/index.php\/mentions-legales\/","title":{"rendered":"Mentions l\u00e9gales"},"content":{"rendered":"[vc_row type=\u00a0\u00bbin_container\u00a0\u00bb full_screen_row_position=\u00a0\u00bbmiddle\u00a0\u00bb column_margin=\u00a0\u00bbdefault\u00a0\u00bb column_direction=\u00a0\u00bbdefault\u00a0\u00bb column_direction_tablet=\u00a0\u00bbdefault\u00a0\u00bb column_direction_phone=\u00a0\u00bbdefault\u00a0\u00bb scene_position=\u00a0\u00bbcenter\u00a0\u00bb text_color=\u00a0\u00bbdark\u00a0\u00bb text_align=\u00a0\u00bbleft\u00a0\u00bb row_border_radius=\u00a0\u00bbnone\u00a0\u00bb row_border_radius_applies=\u00a0\u00bbbg\u00a0\u00bb overflow=\u00a0\u00bbvisible\u00a0\u00bb overlay_strength=\u00a0\u00bb0.3&Prime; gradient_direction=\u00a0\u00bbleft_to_right\u00a0\u00bb shape_divider_position=\u00a0\u00bbbottom\u00a0\u00bb bg_image_animation=\u00a0\u00bbnone\u00a0\u00bb][vc_column column_padding=\u00a0\u00bbno-extra-padding\u00a0\u00bb column_padding_tablet=\u00a0\u00bbinherit\u00a0\u00bb column_padding_phone=\u00a0\u00bbinherit\u00a0\u00bb column_padding_position=\u00a0\u00bball\u00a0\u00bb column_element_spacing=\u00a0\u00bbdefault\u00a0\u00bb background_color_opacity=\u00a0\u00bb1&Prime; background_hover_color_opacity=\u00a0\u00bb1&Prime; column_shadow=\u00a0\u00bbnone\u00a0\u00bb column_border_radius=\u00a0\u00bbnone\u00a0\u00bb column_link_target=\u00a0\u00bb_self\u00a0\u00bb column_position=\u00a0\u00bbdefault\u00a0\u00bb gradient_direction=\u00a0\u00bbleft_to_right\u00a0\u00bb overlay_strength=\u00a0\u00bb0.3&Prime; width=\u00a0\u00bb1\/1&Prime; tablet_width_inherit=\u00a0\u00bbdefault\u00a0\u00bb tablet_text_alignment=\u00a0\u00bbdefault\u00a0\u00bb phone_text_alignment=\u00a0\u00bbdefault\u00a0\u00bb animation_type=\u00a0\u00bbdefault\u00a0\u00bb bg_image_animation=\u00a0\u00bbnone\u00a0\u00bb border_type=\u00a0\u00bbsimple\u00a0\u00bb column_border_width=\u00a0\u00bbnone\u00a0\u00bb column_border_style=\u00a0\u00bbsolid\u00a0\u00bb][vc_column_text]\n<h1><span style=\"color: #263574;\">Mentions l\u00e9gales<\/span><\/h1>\n<p><span style=\"color: #263574; font-family: Arial, Helvetica, sans-serif;\">Le site <a style=\"color: #263574;\" href=\"http:\/\/www.xn--carrires-houdain-xpb.fr\/\">www.carri\u00e8res-houdain.fr<\/a> l\u2019ensemble des \u00e9l\u00e9ments du site, ses textes et ses photos, sont la propri\u00e9t\u00e9 exclusive de la soci\u00e9t\u00e9 Carri\u00e8res d\u2019Houdain, tout reproduction ou utilisation sans l\u2019accord de la soci\u00e9t\u00e9 expose \u00e0 des poursuites, Soci\u00e9t\u00e9 par actions simplifi\u00e9e au capital de 58 256,00 euros immatricul\u00e9e au Registre du Commerce et des Soci\u00e9t\u00e9s de Valenciennes sous le num\u00e9ro 445 821 002 dont le si\u00e8ge social est situ\u00e9 au 18 rue de la carri\u00e8re 18 LD TROU SARAZIN 59570 HOUDAIN-LEZ-BAVAY<\/span><\/p>\n<p><span style=\"font-family: Arial, Helvetica, sans-serif;\"><strong><span style=\"color: #263574;\">Contacts :<\/span><\/strong><\/span><\/p>\n<p><span style=\"color: #263574; font-family: Arial, Helvetica, sans-serif;\">Standard : 07 67 45 42 04<\/span><\/p>\n<p><span style=\"color: #263574; font-family: Arial, Helvetica, sans-serif;\">Mail : <a style=\"color: #263574;\">contact@helpycom.fr<\/a><\/span><\/p>\n<p><span style=\"color: #263574; font-family: Arial, Helvetica, sans-serif;\">Directeur de la Publication : Carri\u00e8res d&rsquo;Houdain<\/span><\/p>\n<p><span style=\"color: #263574; font-family: Arial, Helvetica, sans-serif;\">Conception, design et r\u00e9alisation : HELPYCOM,\u00a0auto-entrepreneur inscrit au registre du commerce et des soci\u00e9t\u00e9s de Valenciennes sous le num\u00e9ro 903 388 882, dont le si\u00e8ge social est situ\u00e9 21 rue de la rhonelle 59300 Famars, France, exer\u00e7ant son activit\u00e9 sous le nom commercial HELPYCOM, Repr\u00e9sent\u00e9e par Monsieur CHARTIN Edouard agissant en qualit\u00e9 de Directeur.<\/span><\/p>\n<p><span style=\"color: #263574; font-family: Arial, Helvetica, sans-serif;\">H\u00e9bergement : OVHCloud,\u00a0155 Av. Georges Hannart, 59170 Croix<\/span><\/p>\n<p><span style=\"font-family: Arial, Helvetica, sans-serif; color: #263574;\"><strong>Toute reproduction ou repr\u00e9sentation totale ou partielle de ce site (textes et images) par quelque proc\u00e9d\u00e9 que ce soit, sans l\u2019autorisation expresse du propri\u00e9taire du site ou de ses repr\u00e9sentants l\u00e9gaux est interdite et constituerait une contrefa\u00e7on sanctionn\u00e9e par les articles L335-2 et suivants du Code de la propri\u00e9t\u00e9 intellectuelle.\u00a0<\/strong><\/span><\/p>\n<p><span style=\"color: #263574; font-family: Arial, Helvetica, sans-serif;\"><strong>Politique de confidentialit\u00e9<\/strong><\/span><\/p>\n<p><span style=\"color: #263574; font-family: Arial, Helvetica, sans-serif;\">Se reporter \u00e0 la page\u00a0Politique de confidentialit\u00e9<\/span><\/p>\n<p><span style=\"font-family: Arial, Helvetica, sans-serif; color: #263574;\">Une question ? Contactez-nous au <strong>03 27 63 11 71<\/strong> ou par mail <strong>contact@carrieres-houdain.fr<\/strong><\/span>[\/vc_column_text][\/vc_column][\/vc_row]\n","protected":false},"excerpt":{"rendered":"<p>[vc_row type=\u00a0\u00bbin_container\u00a0\u00bb full_screen_row_position=\u00a0\u00bbmiddle\u00a0\u00bb column_margin=\u00a0\u00bbdefault\u00a0\u00bb column_direction=\u00a0\u00bbdefault\u00a0\u00bb column_direction_tablet=\u00a0\u00bbdefault\u00a0\u00bb column_direction_phone=\u00a0\u00bbdefault\u00a0\u00bb scene_position=\u00a0\u00bbcenter\u00a0\u00bb text_color=\u00a0\u00bbdark\u00a0\u00bb text_align=\u00a0\u00bbleft\u00a0\u00bb row_border_radius=\u00a0\u00bbnone\u00a0\u00bb row_border_radius_applies=\u00a0\u00bbbg\u00a0\u00bb overflow=\u00a0\u00bbvisible\u00a0\u00bb overlay_strength=\u00a0\u00bb0.3&Prime; gradient_direction=\u00a0\u00bbleft_to_right\u00a0\u00bb&#8230;<\/p>\n","protected":false},"author":2,"featured_media":0,"parent":0,"menu_order":0,"comment_status":"closed","ping_status":"closed","template":"","meta":{"footnotes":""},"class_list":["post-6121","page","type-page","status-publish"],"yoast_head":"<!-- This site is optimized with the Yoast SEO Premium plugin v19.3 (Yoast SEO v27.4) - https:\/\/yoast.com\/product\/yoast-seo-premium-wordpress\/ -->\n<title>Mentions l\u00e9gales - Carri\u00e8res d&#039;Houdain<\/title>\n<meta name=\"robots\" content=\"index, follow, max-snippet:-1, max-image-preview:large, max-video-preview:-1\" \/>\n<link rel=\"canonical\" href=\"https:\/\/carrieres-houdain.fr\/index.php\/mentions-legales\/\" \/>\n<meta property=\"og:locale\" content=\"fr_FR\" \/>\n<meta property=\"og:type\" content=\"article\" \/>\n<meta property=\"og:title\" content=\"Mentions l\u00e9gales\" \/>\n<meta property=\"og:description\" content=\"[vc_row type=\u00a0\u00bbin_container\u00a0\u00bb full_screen_row_position=\u00a0\u00bbmiddle\u00a0\u00bb column_margin=\u00a0\u00bbdefault\u00a0\u00bb column_direction=\u00a0\u00bbdefault\u00a0\u00bb column_direction_tablet=\u00a0\u00bbdefault\u00a0\u00bb column_direction_phone=\u00a0\u00bbdefault\u00a0\u00bb scene_position=\u00a0\u00bbcenter\u00a0\u00bb text_color=\u00a0\u00bbdark\u00a0\u00bb text_align=\u00a0\u00bbleft\u00a0\u00bb row_border_radius=\u00a0\u00bbnone\u00a0\u00bb row_border_radius_applies=\u00a0\u00bbbg\u00a0\u00bb overflow=\u00a0\u00bbvisible\u00a0\u00bb overlay_strength=\u00a0\u00bb0.3&Prime; gradient_direction=\u00a0\u00bbleft_to_right\u00a0\u00bb...\" \/>\n<meta property=\"og:url\" content=\"https:\/\/carrieres-houdain.fr\/index.php\/mentions-legales\/\" \/>\n<meta property=\"og:site_name\" content=\"Carri\u00e8res d&#039;Houdain\" \/>\n<meta property=\"article:publisher\" content=\"https:\/\/fr-fr.facebook.com\/carrieres.houdain\/\" \/>\n<meta property=\"article:modified_time\" content=\"2022-07-27T09:29:46+00:00\" \/>\n<meta name=\"twitter:card\" content=\"summary_large_image\" \/>\n<meta name=\"twitter:label1\" content=\"Dur\u00e9e de lecture estim\u00e9e\" \/>\n\t<meta name=\"twitter:data1\" content=\"2 minutes\" \/>\n<script type=\"application\/ld+json\" class=\"yoast-schema-graph\">{\"@context\":\"https:\\\/\\\/schema.org\",\"@graph\":[{\"@type\":\"WebPage\",\"@id\":\"https:\\\/\\\/carrieres-houdain.fr\\\/index.php\\\/mentions-legales\\\/\",\"url\":\"https:\\\/\\\/carrieres-houdain.fr\\\/index.php\\\/mentions-legales\\\/\",\"name\":\"Mentions l\u00e9gales - Carri\u00e8res d&#039;Houdain\",\"isPartOf\":{\"@id\":\"https:\\\/\\\/carrieres-houdain.fr\\\/#website\"},\"datePublished\":\"2022-06-04T09:17:44+00:00\",\"dateModified\":\"2022-07-27T09:29:46+00:00\",\"breadcrumb\":{\"@id\":\"https:\\\/\\\/carrieres-houdain.fr\\\/index.php\\\/mentions-legales\\\/#breadcrumb\"},\"inLanguage\":\"fr-FR\",\"potentialAction\":[{\"@type\":\"ReadAction\",\"target\":[\"https:\\\/\\\/carrieres-houdain.fr\\\/index.php\\\/mentions-legales\\\/\"]}]},{\"@type\":\"BreadcrumbList\",\"@id\":\"https:\\\/\\\/carrieres-houdain.fr\\\/index.php\\\/mentions-legales\\\/#breadcrumb\",\"itemListElement\":[{\"@type\":\"ListItem\",\"position\":1,\"name\":\"Accueil\",\"item\":\"https:\\\/\\\/carrieres-houdain.fr\\\/\"},{\"@type\":\"ListItem\",\"position\":2,\"name\":\"Mentions l\u00e9gales\"}]},{\"@type\":\"WebSite\",\"@id\":\"https:\\\/\\\/carrieres-houdain.fr\\\/#website\",\"url\":\"https:\\\/\\\/carrieres-houdain.fr\\\/\",\"name\":\"Carri\u00e8res d&#039;Houdain\",\"description\":\"L&#039;enrob\u00e9s pour tous.\",\"publisher\":{\"@id\":\"https:\\\/\\\/carrieres-houdain.fr\\\/#organization\"},\"potentialAction\":[{\"@type\":\"SearchAction\",\"target\":{\"@type\":\"EntryPoint\",\"urlTemplate\":\"https:\\\/\\\/carrieres-houdain.fr\\\/?s={search_term_string}\"},\"query-input\":{\"@type\":\"PropertyValueSpecification\",\"valueRequired\":true,\"valueName\":\"search_term_string\"}}],\"inLanguage\":\"fr-FR\"},{\"@type\":\"Organization\",\"@id\":\"https:\\\/\\\/carrieres-houdain.fr\\\/#organization\",\"name\":\"Carri\u00e8res d'Houdain\",\"url\":\"https:\\\/\\\/carrieres-houdain.fr\\\/\",\"logo\":{\"@type\":\"ImageObject\",\"inLanguage\":\"fr-FR\",\"@id\":\"https:\\\/\\\/carrieres-houdain.fr\\\/#\\\/schema\\\/logo\\\/image\\\/\",\"url\":\"http:\\\/\\\/carrieres-houdain.fr\\\/wp-content\\\/uploads\\\/2022\\\/05\\\/TEST-2-LOGO.png\",\"contentUrl\":\"http:\\\/\\\/carrieres-houdain.fr\\\/wp-content\\\/uploads\\\/2022\\\/05\\\/TEST-2-LOGO.png\",\"width\":459,\"height\":190,\"caption\":\"Carri\u00e8res d'Houdain\"},\"image\":{\"@id\":\"https:\\\/\\\/carrieres-houdain.fr\\\/#\\\/schema\\\/logo\\\/image\\\/\"},\"sameAs\":[\"https:\\\/\\\/fr-fr.facebook.com\\\/carrieres.houdain\\\/\"]}]}<\/script>\n<!-- \/ Yoast SEO Premium plugin. -->","yoast_head_json":{"title":"Mentions l\u00e9gales - Carri\u00e8res d&#039;Houdain","robots":{"index":"index","follow":"follow","max-snippet":"max-snippet:-1","max-image-preview":"max-image-preview:large","max-video-preview":"max-video-preview:-1"},"canonical":"https:\/\/carrieres-houdain.fr\/index.php\/mentions-legales\/","og_locale":"fr_FR","og_type":"article","og_title":"Mentions l\u00e9gales","og_description":"[vc_row type=\u00a0\u00bbin_container\u00a0\u00bb full_screen_row_position=\u00a0\u00bbmiddle\u00a0\u00bb column_margin=\u00a0\u00bbdefault\u00a0\u00bb column_direction=\u00a0\u00bbdefault\u00a0\u00bb column_direction_tablet=\u00a0\u00bbdefault\u00a0\u00bb column_direction_phone=\u00a0\u00bbdefault\u00a0\u00bb scene_position=\u00a0\u00bbcenter\u00a0\u00bb text_color=\u00a0\u00bbdark\u00a0\u00bb text_align=\u00a0\u00bbleft\u00a0\u00bb row_border_radius=\u00a0\u00bbnone\u00a0\u00bb row_border_radius_applies=\u00a0\u00bbbg\u00a0\u00bb overflow=\u00a0\u00bbvisible\u00a0\u00bb overlay_strength=\u00a0\u00bb0.3&Prime; gradient_direction=\u00a0\u00bbleft_to_right\u00a0\u00bb...","og_url":"https:\/\/carrieres-houdain.fr\/index.php\/mentions-legales\/","og_site_name":"Carri\u00e8res d&#039;Houdain","article_publisher":"https:\/\/fr-fr.facebook.com\/carrieres.houdain\/","article_modified_time":"2022-07-27T09:29:46+00:00","twitter_card":"summary_large_image","twitter_misc":{"Dur\u00e9e de lecture estim\u00e9e":"2 minutes"},"schema":{"@context":"https:\/\/schema.org","@graph":[{"@type":"WebPage","@id":"https:\/\/carrieres-houdain.fr\/index.php\/mentions-legales\/","url":"https:\/\/carrieres-houdain.fr\/index.php\/mentions-legales\/","name":"Mentions l\u00e9gales - Carri\u00e8res d&#039;Houdain","isPartOf":{"@id":"https:\/\/carrieres-houdain.fr\/#website"},"datePublished":"2022-06-04T09:17:44+00:00","dateModified":"2022-07-27T09:29:46+00:00","breadcrumb":{"@id":"https:\/\/carrieres-houdain.fr\/index.php\/mentions-legales\/#breadcrumb"},"inLanguage":"fr-FR","potentialAction":[{"@type":"ReadAction","target":["https:\/\/carrieres-houdain.fr\/index.php\/mentions-legales\/"]}]},{"@type":"BreadcrumbList","@id":"https:\/\/carrieres-houdain.fr\/index.php\/mentions-legales\/#breadcrumb","itemListElement":[{"@type":"ListItem","position":1,"name":"Accueil","item":"https:\/\/carrieres-houdain.fr\/"},{"@type":"ListItem","position":2,"name":"Mentions l\u00e9gales"}]},{"@type":"WebSite","@id":"https:\/\/carrieres-houdain.fr\/#website","url":"https:\/\/carrieres-houdain.fr\/","name":"Carri\u00e8res d&#039;Houdain","description":"L&#039;enrob\u00e9s pour tous.","publisher":{"@id":"https:\/\/carrieres-houdain.fr\/#organization"},"potentialAction":[{"@type":"SearchAction","target":{"@type":"EntryPoint","urlTemplate":"https:\/\/carrieres-houdain.fr\/?s={search_term_string}"},"query-input":{"@type":"PropertyValueSpecification","valueRequired":true,"valueName":"search_term_string"}}],"inLanguage":"fr-FR"},{"@type":"Organization","@id":"https:\/\/carrieres-houdain.fr\/#organization","name":"Carri\u00e8res d'Houdain","url":"https:\/\/carrieres-houdain.fr\/","logo":{"@type":"ImageObject","inLanguage":"fr-FR","@id":"https:\/\/carrieres-houdain.fr\/#\/schema\/logo\/image\/","url":"http:\/\/carrieres-houdain.fr\/wp-content\/uploads\/2022\/05\/TEST-2-LOGO.png","contentUrl":"http:\/\/carrieres-houdain.fr\/wp-content\/uploads\/2022\/05\/TEST-2-LOGO.png","width":459,"height":190,"caption":"Carri\u00e8res d'Houdain"},"image":{"@id":"https:\/\/carrieres-houdain.fr\/#\/schema\/logo\/image\/"},"sameAs":["https:\/\/fr-fr.facebook.com\/carrieres.houdain\/"]}]}},"_links":{"self":[{"href":"https:\/\/carrieres-houdain.fr\/index.php\/wp-json\/wp\/v2\/pages\/6121","targetHints":{"allow":["GET"]}}],"collection":[{"href":"https:\/\/carrieres-houdain.fr\/index.php\/wp-json\/wp\/v2\/pages"}],"about":[{"href":"https:\/\/carrieres-houdain.fr\/index.php\/wp-json\/wp\/v2\/types\/page"}],"author":[{"embeddable":true,"href":"https:\/\/carrieres-houdain.fr\/index.php\/wp-json\/wp\/v2\/users\/2"}],"replies":[{"embeddable":true,"href":"https:\/\/carrieres-houdain.fr\/index.php\/wp-json\/wp\/v2\/comments?post=6121"}],"version-history":[{"count":6,"href":"https:\/\/carrieres-houdain.fr\/index.php\/wp-json\/wp\/v2\/pages\/6121\/revisions"}],"predecessor-version":[{"id":6798,"href":"https:\/\/carrieres-houdain.fr\/index.php\/wp-json\/wp\/v2\/pages\/6121\/revisions\/6798"}],"wp:attachment":[{"href":"https:\/\/carrieres-houdain.fr\/index.php\/wp-json\/wp\/v2\/media?parent=6121"}],"curies":[{"name":"wp","href":"https:\/\/api.w.org\/{rel}","templated":true}]}}