{"id":6407,"date":"2022-06-23T11:40:33","date_gmt":"2022-06-23T09:40:33","guid":{"rendered":"http:\/\/carrieres-houdain.fr\/?page_id=6407"},"modified":"2022-07-30T13:02:39","modified_gmt":"2022-07-30T11:02:39","slug":"travaux-publics-specialises-en-application-denrobes-entretien-des-voiries","status":"publish","type":"page","link":"https:\/\/carrieres-houdain.fr\/index.php\/nos-services-produits\/travaux-publics-specialises-en-application-denrobes-entretien-des-voiries\/","title":{"rendered":"Travaux publics : sp\u00e9cialis\u00e9s en application d&rsquo;enrob\u00e9s &#038; entretien des voiries"},"content":{"rendered":"[vc_row type=\u00a0\u00bbfull_width_content\u00a0\u00bb full_screen_row_position=\u00a0\u00bbmiddle\u00a0\u00bb column_margin=\u00a0\u00bbdefault\u00a0\u00bb column_direction=\u00a0\u00bbdefault\u00a0\u00bb column_direction_tablet=\u00a0\u00bbdefault\u00a0\u00bb column_direction_phone=\u00a0\u00bbdefault\u00a0\u00bb bg_color=\u00a0\u00bb#ffffff\u00a0\u00bb scene_position=\u00a0\u00bbcenter\u00a0\u00bb top_padding=\u00a0\u00bb30&Prime; bottom_padding=\u00a0\u00bb30&Prime; text_color=\u00a0\u00bbdark\u00a0\u00bb text_align=\u00a0\u00bbleft\u00a0\u00bb row_border_radius=\u00a0\u00bbnone\u00a0\u00bb row_border_radius_applies=\u00a0\u00bbbg\u00a0\u00bb overflow=\u00a0\u00bbvisible\u00a0\u00bb advanced_gradient_angle=\u00a0\u00bb0&Prime; overlay_strength=\u00a0\u00bb0.3&Prime; gradient_direction=\u00a0\u00bbleft_to_right\u00a0\u00bb shape_divider_position=\u00a0\u00bbbottom\u00a0\u00bb bg_image_animation=\u00a0\u00bbnone\u00a0\u00bb shape_type=\u00a0\u00bb\u00a0\u00bb gradient_type=\u00a0\u00bbdefault\u00a0\u00bb][vc_column column_padding=\u00a0\u00bbno-extra-padding\u00a0\u00bb column_padding_tablet=\u00a0\u00bbinherit\u00a0\u00bb column_padding_phone=\u00a0\u00bbinherit\u00a0\u00bb column_padding_position=\u00a0\u00bball\u00a0\u00bb column_element_spacing=\u00a0\u00bb0px\u00a0\u00bb background_color_opacity=\u00a0\u00bb1&Prime; background_hover_color_opacity=\u00a0\u00bb1&Prime; column_shadow=\u00a0\u00bbnone\u00a0\u00bb column_border_radius=\u00a0\u00bbnone\u00a0\u00bb column_link_target=\u00a0\u00bb_self\u00a0\u00bb column_position=\u00a0\u00bbdefault\u00a0\u00bb gradient_direction=\u00a0\u00bbleft_to_right\u00a0\u00bb overlay_strength=\u00a0\u00bb0.3&Prime; width=\u00a0\u00bb1\/1&Prime; tablet_width_inherit=\u00a0\u00bbdefault\u00a0\u00bb tablet_text_alignment=\u00a0\u00bbdefault\u00a0\u00bb phone_text_alignment=\u00a0\u00bbdefault\u00a0\u00bb animation_type=\u00a0\u00bbdefault\u00a0\u00bb bg_image_animation=\u00a0\u00bbnone\u00a0\u00bb border_type=\u00a0\u00bbadvanced\u00a0\u00bb border_bottom_desktop=\u00a0\u00bb1&Prime; column_border_color=\u00a0\u00bb#919ec6&Prime; column_border_style=\u00a0\u00bbsolid\u00a0\u00bb][vc_row_inner equal_height=\u00a0\u00bbyes\u00a0\u00bb column_margin=\u00a0\u00bbnone\u00a0\u00bb column_direction=\u00a0\u00bbdefault\u00a0\u00bb column_direction_tablet=\u00a0\u00bbdefault\u00a0\u00bb column_direction_phone=\u00a0\u00bbdefault\u00a0\u00bb text_align=\u00a0\u00bbleft\u00a0\u00bb row_position=\u00a0\u00bbdefault\u00a0\u00bb row_position_tablet=\u00a0\u00bbinherit\u00a0\u00bb row_position_phone=\u00a0\u00bbinherit\u00a0\u00bb overflow=\u00a0\u00bbvisible\u00a0\u00bb pointer_events=\u00a0\u00bball\u00a0\u00bb][vc_column_inner column_padding=\u00a0\u00bbpadding-5-percent\u00a0\u00bb column_padding_tablet=\u00a0\u00bbinherit\u00a0\u00bb column_padding_phone=\u00a0\u00bbinherit\u00a0\u00bb column_padding_position=\u00a0\u00bball\u00a0\u00bb column_element_spacing=\u00a0\u00bbdefault\u00a0\u00bb background_color_opacity=\u00a0\u00bb1&Prime; background_hover_color_opacity=\u00a0\u00bb1&Prime; column_shadow=\u00a0\u00bbnone\u00a0\u00bb column_border_radius=\u00a0\u00bbnone\u00a0\u00bb column_link_target=\u00a0\u00bb_self\u00a0\u00bb gradient_direction=\u00a0\u00bbleft_to_right\u00a0\u00bb overlay_strength=\u00a0\u00bb0.3&Prime; width=\u00a0\u00bb1\/3&Prime; tablet_width_inherit=\u00a0\u00bbdefault\u00a0\u00bb animation_type=\u00a0\u00bbdefault\u00a0\u00bb enable_animation=\u00a0\u00bbtrue\u00a0\u00bb animation=\u00a0\u00bbfade-in\u00a0\u00bb bg_image_animation=\u00a0\u00bbnone\u00a0\u00bb border_type=\u00a0\u00bbsimple\u00a0\u00bb column_border_width=\u00a0\u00bbnone\u00a0\u00bb column_border_style=\u00a0\u00bbsolid\u00a0\u00bb][vc_column_text css=\u00a0\u00bb.vc_custom_1658908772364{margin-bottom: 30px !important;}\u00a0\u00bb]\n<p style=\"text-align: center;\"><span style=\"color: #263574;\"><a style=\"color: #263574;\" href=\"https:\/\/carrieres-houdain.fr\/index.php\/travaux-publics\/\"><span class=\"notion-enable-hover\" style=\"font-family: montserrat; font-size: 14pt;\" data-token-index=\"0\" data-reactroot=\"\">MISE EN \u0152UVRE ET APPLICATION D&rsquo;ENROB\u00c9S AU FINISSEUR<\/span><\/a><\/span><\/p>\n[\/vc_column_text][image_with_animation image_url=\u00a0\u00bb6531&Prime; image_size=\u00a0\u00bbcustom\u00a0\u00bb animation_type=\u00a0\u00bbentrance\u00a0\u00bb animation=\u00a0\u00bbNone\u00a0\u00bb hover_animation=\u00a0\u00bbzoom-crop\u00a0\u00bb alignment=\u00a0\u00bb\u00a0\u00bb border_radius=\u00a0\u00bbnone\u00a0\u00bb box_shadow=\u00a0\u00bbx_large_depth\u00a0\u00bb image_loading=\u00a0\u00bbdefault\u00a0\u00bb max_width=\u00a0\u00bb100%\u00a0\u00bb max_width_mobile=\u00a0\u00bbdefault\u00a0\u00bb img_link=\u00a0\u00bbhttps:\/\/carrieres-houdain.fr\/index.php\/travaux-publics\/\u00a0\u00bb margin_top=\u00a0\u00bb40&Prime;][\/vc_column_inner][vc_column_inner column_padding=\u00a0\u00bbpadding-5-percent\u00a0\u00bb column_padding_tablet=\u00a0\u00bbinherit\u00a0\u00bb column_padding_phone=\u00a0\u00bbinherit\u00a0\u00bb column_padding_position=\u00a0\u00bball\u00a0\u00bb column_element_spacing=\u00a0\u00bbdefault\u00a0\u00bb background_color_opacity=\u00a0\u00bb1&Prime; background_hover_color_opacity=\u00a0\u00bb1&Prime; column_shadow=\u00a0\u00bbnone\u00a0\u00bb column_border_radius=\u00a0\u00bbnone\u00a0\u00bb column_link_target=\u00a0\u00bb_self\u00a0\u00bb advanced_gradient_angle=\u00a0\u00bb0&Prime; gradient_direction=\u00a0\u00bbleft_to_right\u00a0\u00bb overlay_strength=\u00a0\u00bb0.3&Prime; width=\u00a0\u00bb1\/3&Prime; tablet_width_inherit=\u00a0\u00bbdefault\u00a0\u00bb animation_type=\u00a0\u00bbdefault\u00a0\u00bb enable_animation=\u00a0\u00bbtrue\u00a0\u00bb animation=\u00a0\u00bbfade-in\u00a0\u00bb bg_image_animation=\u00a0\u00bbnone\u00a0\u00bb border_type=\u00a0\u00bbadvanced\u00a0\u00bb border_left_desktop=\u00a0\u00bb1&Prime; border_right_desktop=\u00a0\u00bb1&Prime; column_border_color=\u00a0\u00bb#919ec6&Prime; column_border_style=\u00a0\u00bbsolid\u00a0\u00bb delay=\u00a0\u00bb150&Prime; gradient_type=\u00a0\u00bbdefault\u00a0\u00bb][vc_column_text css=\u00a0\u00bb.vc_custom_1659010863090{margin-bottom: 30px !important;}\u00a0\u00bb]\n<p style=\"text-align: center;\"><a href=\"https:\/\/carrieres-houdain.fr\/index.php\/enduit-superficiel-dusure\/\"><span style=\"color: #263574;\"><span class=\"notion-enable-hover\" style=\"font-family: montserrat; font-size: 14pt;\" data-token-index=\"0\" data-reactroot=\"\">ENDUIT SUPERFICIEL D&rsquo;USURE \u00ab\u00a0GRAVILLONNAGES\u00a0\u00bb<\/span><\/span><\/a><\/p>\n[\/vc_column_text][image_with_animation image_url=\u00a0\u00bb6768&Prime; image_size=\u00a0\u00bbfull\u00a0\u00bb animation_type=\u00a0\u00bbentrance\u00a0\u00bb animation=\u00a0\u00bbNone\u00a0\u00bb hover_animation=\u00a0\u00bbzoom-crop\u00a0\u00bb alignment=\u00a0\u00bb\u00a0\u00bb border_radius=\u00a0\u00bbnone\u00a0\u00bb box_shadow=\u00a0\u00bbx_large_depth\u00a0\u00bb image_loading=\u00a0\u00bbdefault\u00a0\u00bb max_width=\u00a0\u00bb100%\u00a0\u00bb max_width_mobile=\u00a0\u00bbdefault\u00a0\u00bb margin_top=\u00a0\u00bb40&Prime; img_link=\u00a0\u00bbhttps:\/\/carrieres-houdain.fr\/index.php\/enduit-superficiel-dusure\/\u00a0\u00bb][\/vc_column_inner][vc_column_inner column_padding=\u00a0\u00bbpadding-5-percent\u00a0\u00bb column_padding_tablet=\u00a0\u00bbinherit\u00a0\u00bb column_padding_phone=\u00a0\u00bbinherit\u00a0\u00bb column_padding_position=\u00a0\u00bball\u00a0\u00bb column_element_spacing=\u00a0\u00bbdefault\u00a0\u00bb background_color_opacity=\u00a0\u00bb1&Prime; background_hover_color_opacity=\u00a0\u00bb1&Prime; column_shadow=\u00a0\u00bbnone\u00a0\u00bb column_border_radius=\u00a0\u00bbnone\u00a0\u00bb column_link_target=\u00a0\u00bb_self\u00a0\u00bb advanced_gradient_angle=\u00a0\u00bb0&Prime; gradient_direction=\u00a0\u00bbleft_to_right\u00a0\u00bb overlay_strength=\u00a0\u00bb0.3&Prime; width=\u00a0\u00bb1\/3&Prime; tablet_width_inherit=\u00a0\u00bbdefault\u00a0\u00bb animation_type=\u00a0\u00bbdefault\u00a0\u00bb enable_animation=\u00a0\u00bbtrue\u00a0\u00bb animation=\u00a0\u00bbfade-in\u00a0\u00bb bg_image_animation=\u00a0\u00bbnone\u00a0\u00bb border_type=\u00a0\u00bbsimple\u00a0\u00bb column_border_width=\u00a0\u00bbnone\u00a0\u00bb column_border_style=\u00a0\u00bbsolid\u00a0\u00bb delay=\u00a0\u00bb300&Prime; gradient_type=\u00a0\u00bbdefault\u00a0\u00bb][vc_column_text css=\u00a0\u00bb.vc_custom_1656337659715{margin-bottom: 30px !important;}\u00a0\u00bb]\n<p style=\"text-align: center;\"><a href=\"https:\/\/carrieres-houdain.fr\/index.php\/travaux-annexes-complementaires\/\"><span style=\"color: #263574;\"><span class=\"notion-enable-hover\" style=\"font-family: montserrat; font-size: 14pt;\" data-token-index=\"0\" data-reactroot=\"\">TRAVAUX ANNEXES ET <\/span><\/span><\/a><br \/>\n<a href=\"https:\/\/carrieres-houdain.fr\/index.php\/travaux-annexes-complementaires\/\"><span style=\"color: #263574;\"><span class=\"notion-enable-hover\" style=\"font-family: montserrat; font-size: 14pt;\" data-token-index=\"0\" data-reactroot=\"\">COMPL\u00c9MENTAIRES<\/span><\/span><\/a>[\/vc_column_text][image_with_animation image_url=\u00a0\u00bb6843&Prime; image_size=\u00a0\u00bbcustom\u00a0\u00bb animation_type=\u00a0\u00bblooped\u00a0\u00bb loop_animation=\u00a0\u00bbnone\u00a0\u00bb hover_animation=\u00a0\u00bbnone\u00a0\u00bb alignment=\u00a0\u00bb\u00a0\u00bb border_radius=\u00a0\u00bbnone\u00a0\u00bb image_loading=\u00a0\u00bbdefault\u00a0\u00bb max_width=\u00a0\u00bb100%\u00a0\u00bb max_width_mobile=\u00a0\u00bbdefault\u00a0\u00bb margin_top=\u00a0\u00bb40&Prime; custom_image_size=\u00a0\u00bb25&Prime; img_link=\u00a0\u00bbhttps:\/\/carrieres-houdain.fr\/index.php\/nos-services-produits\/travaux-publics-specialises-en-application-denrobes-entretien-des-voiries\/travaux-annexes-complementaires\/\u00a0\u00bb][\/vc_column_inner][\/vc_row_inner][\/vc_column][\/vc_row]\n","protected":false},"excerpt":{"rendered":"<p>[vc_row type=\u00a0\u00bbfull_width_content\u00a0\u00bb full_screen_row_position=\u00a0\u00bbmiddle\u00a0\u00bb column_margin=\u00a0\u00bbdefault\u00a0\u00bb column_direction=\u00a0\u00bbdefault\u00a0\u00bb column_direction_tablet=\u00a0\u00bbdefault\u00a0\u00bb column_direction_phone=\u00a0\u00bbdefault\u00a0\u00bb bg_color=\u00a0\u00bb#ffffff\u00a0\u00bb scene_position=\u00a0\u00bbcenter\u00a0\u00bb top_padding=\u00a0\u00bb30&Prime; bottom_padding=\u00a0\u00bb30&Prime; text_color=\u00a0\u00bbdark\u00a0\u00bb text_align=\u00a0\u00bbleft\u00a0\u00bb row_border_radius=\u00a0\u00bbnone\u00a0\u00bb row_border_radius_applies=\u00a0\u00bbbg\u00a0\u00bb&#8230;<\/p>\n","protected":false},"author":2,"featured_media":0,"parent":5971,"menu_order":0,"comment_status":"closed","ping_status":"closed","template":"","meta":{"footnotes":""},"class_list":["post-6407","page","type-page","status-publish"],"yoast_head":"<!-- This site is optimized with the Yoast SEO Premium plugin v19.3 (Yoast SEO v27.3) - https:\/\/yoast.com\/product\/yoast-seo-premium-wordpress\/ -->\n<title>Travaux publics : sp\u00e9cialis\u00e9s en application d&#039;enrob\u00e9s &amp; entretien des voiries - Carri\u00e8res d&#039;Houdain<\/title>\n<meta name=\"robots\" content=\"index, follow, max-snippet:-1, max-image-preview:large, max-video-preview:-1\" \/>\n<link rel=\"canonical\" href=\"https:\/\/carrieres-houdain.fr\/index.php\/nos-services-produits\/travaux-publics-specialises-en-application-denrobes-entretien-des-voiries\/\" \/>\n<meta property=\"og:locale\" content=\"fr_FR\" \/>\n<meta property=\"og:type\" content=\"article\" \/>\n<meta property=\"og:title\" content=\"Travaux publics : sp\u00e9cialis\u00e9s en application d&#039;enrob\u00e9s &amp; entretien des voiries\" \/>\n<meta property=\"og:description\" content=\"[vc_row type=\u00a0\u00bbfull_width_content\u00a0\u00bb full_screen_row_position=\u00a0\u00bbmiddle\u00a0\u00bb column_margin=\u00a0\u00bbdefault\u00a0\u00bb column_direction=\u00a0\u00bbdefault\u00a0\u00bb column_direction_tablet=\u00a0\u00bbdefault\u00a0\u00bb column_direction_phone=\u00a0\u00bbdefault\u00a0\u00bb bg_color=\u00a0\u00bb#ffffff\u00a0\u00bb scene_position=\u00a0\u00bbcenter\u00a0\u00bb top_padding=\u00a0\u00bb30&Prime; bottom_padding=\u00a0\u00bb30&Prime; text_color=\u00a0\u00bbdark\u00a0\u00bb text_align=\u00a0\u00bbleft\u00a0\u00bb row_border_radius=\u00a0\u00bbnone\u00a0\u00bb row_border_radius_applies=\u00a0\u00bbbg\u00a0\u00bb...\" \/>\n<meta property=\"og:url\" content=\"https:\/\/carrieres-houdain.fr\/index.php\/nos-services-produits\/travaux-publics-specialises-en-application-denrobes-entretien-des-voiries\/\" \/>\n<meta property=\"og:site_name\" content=\"Carri\u00e8res d&#039;Houdain\" \/>\n<meta property=\"article:publisher\" content=\"https:\/\/fr-fr.facebook.com\/carrieres.houdain\/\" \/>\n<meta property=\"article:modified_time\" content=\"2022-07-30T11:02:39+00:00\" \/>\n<meta name=\"twitter:card\" content=\"summary_large_image\" \/>\n<meta name=\"twitter:label1\" content=\"Dur\u00e9e de lecture estim\u00e9e\" \/>\n\t<meta name=\"twitter:data1\" content=\"1 minute\" \/>\n<script type=\"application\/ld+json\" class=\"yoast-schema-graph\">{\"@context\":\"https:\\\/\\\/schema.org\",\"@graph\":[{\"@type\":\"WebPage\",\"@id\":\"https:\\\/\\\/carrieres-houdain.fr\\\/index.php\\\/nos-services-produits\\\/travaux-publics-specialises-en-application-denrobes-entretien-des-voiries\\\/\",\"url\":\"https:\\\/\\\/carrieres-houdain.fr\\\/index.php\\\/nos-services-produits\\\/travaux-publics-specialises-en-application-denrobes-entretien-des-voiries\\\/\",\"name\":\"Travaux publics : sp\u00e9cialis\u00e9s en application d'enrob\u00e9s & entretien des voiries - Carri\u00e8res d&#039;Houdain\",\"isPartOf\":{\"@id\":\"https:\\\/\\\/carrieres-houdain.fr\\\/#website\"},\"datePublished\":\"2022-06-23T09:40:33+00:00\",\"dateModified\":\"2022-07-30T11:02:39+00:00\",\"breadcrumb\":{\"@id\":\"https:\\\/\\\/carrieres-houdain.fr\\\/index.php\\\/nos-services-produits\\\/travaux-publics-specialises-en-application-denrobes-entretien-des-voiries\\\/#breadcrumb\"},\"inLanguage\":\"fr-FR\",\"potentialAction\":[{\"@type\":\"ReadAction\",\"target\":[\"https:\\\/\\\/carrieres-houdain.fr\\\/index.php\\\/nos-services-produits\\\/travaux-publics-specialises-en-application-denrobes-entretien-des-voiries\\\/\"]}]},{\"@type\":\"BreadcrumbList\",\"@id\":\"https:\\\/\\\/carrieres-houdain.fr\\\/index.php\\\/nos-services-produits\\\/travaux-publics-specialises-en-application-denrobes-entretien-des-voiries\\\/#breadcrumb\",\"itemListElement\":[{\"@type\":\"ListItem\",\"position\":1,\"name\":\"Accueil\",\"item\":\"https:\\\/\\\/carrieres-houdain.fr\\\/\"},{\"@type\":\"ListItem\",\"position\":2,\"name\":\"Nos services et produits\",\"item\":\"https:\\\/\\\/carrieres-houdain.fr\\\/index.php\\\/nos-services-produits\\\/\"},{\"@type\":\"ListItem\",\"position\":3,\"name\":\"Travaux publics : sp\u00e9cialis\u00e9s en application d&rsquo;enrob\u00e9s &#038; entretien des voiries\"}]},{\"@type\":\"WebSite\",\"@id\":\"https:\\\/\\\/carrieres-houdain.fr\\\/#website\",\"url\":\"https:\\\/\\\/carrieres-houdain.fr\\\/\",\"name\":\"Carri\u00e8res d&#039;Houdain\",\"description\":\"L&#039;enrob\u00e9s pour tous.\",\"publisher\":{\"@id\":\"https:\\\/\\\/carrieres-houdain.fr\\\/#organization\"},\"potentialAction\":[{\"@type\":\"SearchAction\",\"target\":{\"@type\":\"EntryPoint\",\"urlTemplate\":\"https:\\\/\\\/carrieres-houdain.fr\\\/?s={search_term_string}\"},\"query-input\":{\"@type\":\"PropertyValueSpecification\",\"valueRequired\":true,\"valueName\":\"search_term_string\"}}],\"inLanguage\":\"fr-FR\"},{\"@type\":\"Organization\",\"@id\":\"https:\\\/\\\/carrieres-houdain.fr\\\/#organization\",\"name\":\"Carri\u00e8res d'Houdain\",\"url\":\"https:\\\/\\\/carrieres-houdain.fr\\\/\",\"logo\":{\"@type\":\"ImageObject\",\"inLanguage\":\"fr-FR\",\"@id\":\"https:\\\/\\\/carrieres-houdain.fr\\\/#\\\/schema\\\/logo\\\/image\\\/\",\"url\":\"http:\\\/\\\/carrieres-houdain.fr\\\/wp-content\\\/uploads\\\/2022\\\/05\\\/TEST-2-LOGO.png\",\"contentUrl\":\"http:\\\/\\\/carrieres-houdain.fr\\\/wp-content\\\/uploads\\\/2022\\\/05\\\/TEST-2-LOGO.png\",\"width\":459,\"height\":190,\"caption\":\"Carri\u00e8res d'Houdain\"},\"image\":{\"@id\":\"https:\\\/\\\/carrieres-houdain.fr\\\/#\\\/schema\\\/logo\\\/image\\\/\"},\"sameAs\":[\"https:\\\/\\\/fr-fr.facebook.com\\\/carrieres.houdain\\\/\"]}]}<\/script>\n<!-- \/ Yoast SEO Premium plugin. -->","yoast_head_json":{"title":"Travaux publics : sp\u00e9cialis\u00e9s en application d'enrob\u00e9s & entretien des voiries - Carri\u00e8res d&#039;Houdain","robots":{"index":"index","follow":"follow","max-snippet":"max-snippet:-1","max-image-preview":"max-image-preview:large","max-video-preview":"max-video-preview:-1"},"canonical":"https:\/\/carrieres-houdain.fr\/index.php\/nos-services-produits\/travaux-publics-specialises-en-application-denrobes-entretien-des-voiries\/","og_locale":"fr_FR","og_type":"article","og_title":"Travaux publics : sp\u00e9cialis\u00e9s en application d'enrob\u00e9s & entretien des voiries","og_description":"[vc_row type=\u00a0\u00bbfull_width_content\u00a0\u00bb full_screen_row_position=\u00a0\u00bbmiddle\u00a0\u00bb column_margin=\u00a0\u00bbdefault\u00a0\u00bb column_direction=\u00a0\u00bbdefault\u00a0\u00bb column_direction_tablet=\u00a0\u00bbdefault\u00a0\u00bb column_direction_phone=\u00a0\u00bbdefault\u00a0\u00bb bg_color=\u00a0\u00bb#ffffff\u00a0\u00bb scene_position=\u00a0\u00bbcenter\u00a0\u00bb top_padding=\u00a0\u00bb30&Prime; bottom_padding=\u00a0\u00bb30&Prime; text_color=\u00a0\u00bbdark\u00a0\u00bb text_align=\u00a0\u00bbleft\u00a0\u00bb row_border_radius=\u00a0\u00bbnone\u00a0\u00bb row_border_radius_applies=\u00a0\u00bbbg\u00a0\u00bb...","og_url":"https:\/\/carrieres-houdain.fr\/index.php\/nos-services-produits\/travaux-publics-specialises-en-application-denrobes-entretien-des-voiries\/","og_site_name":"Carri\u00e8res d&#039;Houdain","article_publisher":"https:\/\/fr-fr.facebook.com\/carrieres.houdain\/","article_modified_time":"2022-07-30T11:02:39+00:00","twitter_card":"summary_large_image","twitter_misc":{"Dur\u00e9e de lecture estim\u00e9e":"1 minute"},"schema":{"@context":"https:\/\/schema.org","@graph":[{"@type":"WebPage","@id":"https:\/\/carrieres-houdain.fr\/index.php\/nos-services-produits\/travaux-publics-specialises-en-application-denrobes-entretien-des-voiries\/","url":"https:\/\/carrieres-houdain.fr\/index.php\/nos-services-produits\/travaux-publics-specialises-en-application-denrobes-entretien-des-voiries\/","name":"Travaux publics : sp\u00e9cialis\u00e9s en application d'enrob\u00e9s & entretien des voiries - Carri\u00e8res d&#039;Houdain","isPartOf":{"@id":"https:\/\/carrieres-houdain.fr\/#website"},"datePublished":"2022-06-23T09:40:33+00:00","dateModified":"2022-07-30T11:02:39+00:00","breadcrumb":{"@id":"https:\/\/carrieres-houdain.fr\/index.php\/nos-services-produits\/travaux-publics-specialises-en-application-denrobes-entretien-des-voiries\/#breadcrumb"},"inLanguage":"fr-FR","potentialAction":[{"@type":"ReadAction","target":["https:\/\/carrieres-houdain.fr\/index.php\/nos-services-produits\/travaux-publics-specialises-en-application-denrobes-entretien-des-voiries\/"]}]},{"@type":"BreadcrumbList","@id":"https:\/\/carrieres-houdain.fr\/index.php\/nos-services-produits\/travaux-publics-specialises-en-application-denrobes-entretien-des-voiries\/#breadcrumb","itemListElement":[{"@type":"ListItem","position":1,"name":"Accueil","item":"https:\/\/carrieres-houdain.fr\/"},{"@type":"ListItem","position":2,"name":"Nos services et produits","item":"https:\/\/carrieres-houdain.fr\/index.php\/nos-services-produits\/"},{"@type":"ListItem","position":3,"name":"Travaux publics : sp\u00e9cialis\u00e9s en application d&rsquo;enrob\u00e9s &#038; entretien des voiries"}]},{"@type":"WebSite","@id":"https:\/\/carrieres-houdain.fr\/#website","url":"https:\/\/carrieres-houdain.fr\/","name":"Carri\u00e8res d&#039;Houdain","description":"L&#039;enrob\u00e9s pour tous.","publisher":{"@id":"https:\/\/carrieres-houdain.fr\/#organization"},"potentialAction":[{"@type":"SearchAction","target":{"@type":"EntryPoint","urlTemplate":"https:\/\/carrieres-houdain.fr\/?s={search_term_string}"},"query-input":{"@type":"PropertyValueSpecification","valueRequired":true,"valueName":"search_term_string"}}],"inLanguage":"fr-FR"},{"@type":"Organization","@id":"https:\/\/carrieres-houdain.fr\/#organization","name":"Carri\u00e8res d'Houdain","url":"https:\/\/carrieres-houdain.fr\/","logo":{"@type":"ImageObject","inLanguage":"fr-FR","@id":"https:\/\/carrieres-houdain.fr\/#\/schema\/logo\/image\/","url":"http:\/\/carrieres-houdain.fr\/wp-content\/uploads\/2022\/05\/TEST-2-LOGO.png","contentUrl":"http:\/\/carrieres-houdain.fr\/wp-content\/uploads\/2022\/05\/TEST-2-LOGO.png","width":459,"height":190,"caption":"Carri\u00e8res d'Houdain"},"image":{"@id":"https:\/\/carrieres-houdain.fr\/#\/schema\/logo\/image\/"},"sameAs":["https:\/\/fr-fr.facebook.com\/carrieres.houdain\/"]}]}},"_links":{"self":[{"href":"https:\/\/carrieres-houdain.fr\/index.php\/wp-json\/wp\/v2\/pages\/6407","targetHints":{"allow":["GET"]}}],"collection":[{"href":"https:\/\/carrieres-houdain.fr\/index.php\/wp-json\/wp\/v2\/pages"}],"about":[{"href":"https:\/\/carrieres-houdain.fr\/index.php\/wp-json\/wp\/v2\/types\/page"}],"author":[{"embeddable":true,"href":"https:\/\/carrieres-houdain.fr\/index.php\/wp-json\/wp\/v2\/users\/2"}],"replies":[{"embeddable":true,"href":"https:\/\/carrieres-houdain.fr\/index.php\/wp-json\/wp\/v2\/comments?post=6407"}],"version-history":[{"count":30,"href":"https:\/\/carrieres-houdain.fr\/index.php\/wp-json\/wp\/v2\/pages\/6407\/revisions"}],"predecessor-version":[{"id":6846,"href":"https:\/\/carrieres-houdain.fr\/index.php\/wp-json\/wp\/v2\/pages\/6407\/revisions\/6846"}],"up":[{"embeddable":true,"href":"https:\/\/carrieres-houdain.fr\/index.php\/wp-json\/wp\/v2\/pages\/5971"}],"wp:attachment":[{"href":"https:\/\/carrieres-houdain.fr\/index.php\/wp-json\/wp\/v2\/media?parent=6407"}],"curies":[{"name":"wp","href":"https:\/\/api.w.org\/{rel}","templated":true}]}}