{"id":6447,"date":"2022-06-24T15:16:30","date_gmt":"2022-06-24T13:16:30","guid":{"rendered":"https:\/\/carrieres-houdain.fr\/?page_id=6447"},"modified":"2022-07-28T14:27:55","modified_gmt":"2022-07-28T12:27:55","slug":"travaux-annexes-complementaires","status":"publish","type":"page","link":"https:\/\/carrieres-houdain.fr\/index.php\/nos-services-produits\/travaux-publics-specialises-en-application-denrobes-entretien-des-voiries\/travaux-annexes-complementaires\/","title":{"rendered":"Travaux annexes &#038; compl\u00e9mentaires"},"content":{"rendered":"[vc_row type=\u00a0\u00bbfull_width_content\u00a0\u00bb full_screen_row_position=\u00a0\u00bbmiddle\u00a0\u00bb column_margin=\u00a0\u00bbdefault\u00a0\u00bb column_direction=\u00a0\u00bbdefault\u00a0\u00bb column_direction_tablet=\u00a0\u00bbdefault\u00a0\u00bb column_direction_phone=\u00a0\u00bbdefault\u00a0\u00bb scene_position=\u00a0\u00bbcenter\u00a0\u00bb text_color=\u00a0\u00bbdark\u00a0\u00bb text_align=\u00a0\u00bbleft\u00a0\u00bb row_border_radius=\u00a0\u00bbnone\u00a0\u00bb row_border_radius_applies=\u00a0\u00bbbg\u00a0\u00bb overflow=\u00a0\u00bbvisible\u00a0\u00bb advanced_gradient_angle=\u00a0\u00bb0&Prime; overlay_strength=\u00a0\u00bb0.3&Prime; gradient_direction=\u00a0\u00bbleft_to_right\u00a0\u00bb shape_divider_position=\u00a0\u00bbbottom\u00a0\u00bb bg_image_animation=\u00a0\u00bbnone\u00a0\u00bb gradient_type=\u00a0\u00bbdefault\u00a0\u00bb shape_type=\u00a0\u00bb\u00a0\u00bb][vc_column column_padding=\u00a0\u00bbno-extra-padding\u00a0\u00bb column_padding_tablet=\u00a0\u00bbinherit\u00a0\u00bb column_padding_phone=\u00a0\u00bbinherit\u00a0\u00bb column_padding_position=\u00a0\u00bball\u00a0\u00bb column_element_spacing=\u00a0\u00bbdefault\u00a0\u00bb background_color_opacity=\u00a0\u00bb1&Prime; background_hover_color_opacity=\u00a0\u00bb1&Prime; column_shadow=\u00a0\u00bbnone\u00a0\u00bb column_border_radius=\u00a0\u00bbnone\u00a0\u00bb column_link_target=\u00a0\u00bb_self\u00a0\u00bb column_position=\u00a0\u00bbdefault\u00a0\u00bb gradient_direction=\u00a0\u00bbleft_to_right\u00a0\u00bb overlay_strength=\u00a0\u00bb0.3&Prime; width=\u00a0\u00bb1\/1&Prime; tablet_width_inherit=\u00a0\u00bbdefault\u00a0\u00bb tablet_text_alignment=\u00a0\u00bbdefault\u00a0\u00bb phone_text_alignment=\u00a0\u00bbdefault\u00a0\u00bb animation_type=\u00a0\u00bbdefault\u00a0\u00bb bg_image_animation=\u00a0\u00bbnone\u00a0\u00bb border_type=\u00a0\u00bbsimple\u00a0\u00bb column_border_width=\u00a0\u00bbnone\u00a0\u00bb column_border_style=\u00a0\u00bbsolid\u00a0\u00bb][vc_custom_heading text=\u00a0\u00bbTRAVAUX ANNEXES ET COMPL\u00c9MENTAIRES\u00a0\u00bb font_container=\u00a0\u00bbtag:h2|font_size:25|text_align:center|color:%23263574&Prime; google_fonts=\u00a0\u00bbfont_family:montserrat%3Aregular|font_style:400%20regular%3A400%3Anormal\u00a0\u00bb css=\u00a0\u00bb.vc_custom_1656076794919{margin-top: 50px !important;margin-bottom: 50px !important;padding-right: 30px !important;background-color: #f7b414 !important;border-radius: 10px !important;}\u00a0\u00bb][\/vc_column][\/vc_row][vc_row type=\u00a0\u00bbfull_width_background\u00a0\u00bb full_screen_row_position=\u00a0\u00bbmiddle\u00a0\u00bb column_margin=\u00a0\u00bb90px\u00a0\u00bb equal_height=\u00a0\u00bbyes\u00a0\u00bb content_placement=\u00a0\u00bbmiddle\u00a0\u00bb column_direction=\u00a0\u00bbdefault\u00a0\u00bb column_direction_tablet=\u00a0\u00bbcolumn_reverse\u00a0\u00bb column_direction_phone=\u00a0\u00bbcolumn_reverse\u00a0\u00bb bg_color=\u00a0\u00bb#ffffff\u00a0\u00bb scene_position=\u00a0\u00bbcenter\u00a0\u00bb bottom_padding=\u00a0\u00bb30&Prime; top_padding_tablet=\u00a0\u00bb8%\u00a0\u00bb bottom_padding_tablet=\u00a0\u00bb8%\u00a0\u00bb text_color=\u00a0\u00bbdark\u00a0\u00bb text_align=\u00a0\u00bbleft\u00a0\u00bb row_border_radius=\u00a0\u00bbnone\u00a0\u00bb row_border_radius_applies=\u00a0\u00bbbg\u00a0\u00bb overflow=\u00a0\u00bbvisible\u00a0\u00bb id=\u00a0\u00bbhome\u00a0\u00bb advanced_gradient_angle=\u00a0\u00bb0&Prime; overlay_strength=\u00a0\u00bb0.5&Prime; gradient_direction=\u00a0\u00bbtop_to_bottom\u00a0\u00bb shape_divider_position=\u00a0\u00bbbottom\u00a0\u00bb bg_image_animation=\u00a0\u00bbnone\u00a0\u00bb shape_type=\u00a0\u00bbstraight_section\u00a0\u00bb gradient_type=\u00a0\u00bbdefault\u00a0\u00bb][vc_column column_padding=\u00a0\u00bbno-extra-padding\u00a0\u00bb column_padding_tablet=\u00a0\u00bbinherit\u00a0\u00bb column_padding_phone=\u00a0\u00bbinherit\u00a0\u00bb column_padding_position=\u00a0\u00bball\u00a0\u00bb column_element_spacing=\u00a0\u00bbdefault\u00a0\u00bb background_color_opacity=\u00a0\u00bb1&Prime; background_hover_color_opacity=\u00a0\u00bb1&Prime; column_shadow=\u00a0\u00bbnone\u00a0\u00bb column_border_radius=\u00a0\u00bbnone\u00a0\u00bb column_link_target=\u00a0\u00bb_self\u00a0\u00bb column_position=\u00a0\u00bbdefault\u00a0\u00bb advanced_gradient_angle=\u00a0\u00bb0&Prime; gradient_direction=\u00a0\u00bbleft_to_right\u00a0\u00bb overlay_strength=\u00a0\u00bb0.5&Prime; width=\u00a0\u00bb1\/1&Prime; tablet_width_inherit=\u00a0\u00bbdefault\u00a0\u00bb tablet_text_alignment=\u00a0\u00bbdefault\u00a0\u00bb phone_text_alignment=\u00a0\u00bbdefault\u00a0\u00bb animation_type=\u00a0\u00bbdefault\u00a0\u00bb bg_image_animation=\u00a0\u00bbnone\u00a0\u00bb border_type=\u00a0\u00bbsimple\u00a0\u00bb column_border_width=\u00a0\u00bbnone\u00a0\u00bb column_border_style=\u00a0\u00bbsolid\u00a0\u00bb offset=\u00a0\u00bbvc_col-xs-12&Prime; gradient_type=\u00a0\u00bbdefault\u00a0\u00bb][vc_row_inner column_margin=\u00a0\u00bbdefault\u00a0\u00bb column_direction=\u00a0\u00bbdefault\u00a0\u00bb column_direction_tablet=\u00a0\u00bbdefault\u00a0\u00bb column_direction_phone=\u00a0\u00bbdefault\u00a0\u00bb text_align=\u00a0\u00bbleft\u00a0\u00bb row_position=\u00a0\u00bbdefault\u00a0\u00bb row_position_tablet=\u00a0\u00bbinherit\u00a0\u00bb row_position_phone=\u00a0\u00bbinherit\u00a0\u00bb overflow=\u00a0\u00bbvisible\u00a0\u00bb pointer_events=\u00a0\u00bball\u00a0\u00bb min_width=\u00a0\u00bb47vh\u00a0\u00bb][vc_column_inner column_padding=\u00a0\u00bbno-extra-padding\u00a0\u00bb column_padding_tablet=\u00a0\u00bbinherit\u00a0\u00bb column_padding_phone=\u00a0\u00bbinherit\u00a0\u00bb column_padding_position=\u00a0\u00bball\u00a0\u00bb bottom_margin=\u00a0\u00bb15&Prime; column_element_spacing=\u00a0\u00bb5px\u00a0\u00bb background_color_opacity=\u00a0\u00bb1&Prime; background_hover_color_opacity=\u00a0\u00bb1&Prime; column_shadow=\u00a0\u00bbnone\u00a0\u00bb column_border_radius=\u00a0\u00bbnone\u00a0\u00bb column_link_target=\u00a0\u00bb_self\u00a0\u00bb advanced_gradient_angle=\u00a0\u00bb0&Prime; gradient_direction=\u00a0\u00bbleft_to_right\u00a0\u00bb overlay_strength=\u00a0\u00bb0.3&Prime; width=\u00a0\u00bb1\/1&Prime; tablet_width_inherit=\u00a0\u00bbdefault\u00a0\u00bb animation_type=\u00a0\u00bbdefault\u00a0\u00bb enable_animation=\u00a0\u00bbtrue\u00a0\u00bb animation=\u00a0\u00bbfade-in-from-bottom\u00a0\u00bb bg_image_animation=\u00a0\u00bbnone\u00a0\u00bb border_type=\u00a0\u00bbsimple\u00a0\u00bb column_border_width=\u00a0\u00bb2px\u00a0\u00bb column_border_color=\u00a0\u00bb#263575&Prime; column_border_style=\u00a0\u00bbdashed\u00a0\u00bb gradient_type=\u00a0\u00bbdefault\u00a0\u00bb][vc_column_text css=\u00a0\u00bb.vc_custom_1659011251896{padding-top: 10px !important;padding-right: 10px !important;padding-bottom: 10px !important;padding-left: 10px !important;}\u00a0\u00bb]\n<div>\n<p style=\"text-align: justify;\"><span style=\"color: #263574; font-family: Arial, Helvetica, sans-serif;\">Dans le cadre des travaux de voiries, les Carri\u00e8res d\u2019Houdain sont \u00e9galement en mesure de r\u00e9aliser : \u00a0<\/span><\/p>\n<\/div>\n<div style=\"text-align: justify;\">\n<p><span style=\"color: #263574; font-family: Arial, Helvetica, sans-serif;\">\u203a <strong>Purges<\/strong> en voirie.<\/span><br \/>\n<span style=\"color: #263574; font-family: Arial, Helvetica, sans-serif;\">\u203a<strong> Ma\u00e7onnerie VRD<\/strong> : pose de bordures et caniveaux, pose de regards de visite, remises \u00e0 niveaux diverses, bordures coul\u00e9es en place.<\/span><br \/>\n<span style=\"color: #263574; font-family: Arial, Helvetica, sans-serif;\">\u203a <strong>Signalisation<\/strong> horizontale &amp; verticale.<\/span><br \/>\n<span style=\"color: #263574; font-family: Arial, Helvetica, sans-serif;\">\u203a <strong>Arasement <\/strong>&amp;<strong> mise \u00e0 niveaux<\/strong> des accotements.<\/span><\/p>\n<\/div>\n<div>\n<p style=\"text-align: justify;\"><span style=\"color: #263574; font-family: Arial, Helvetica, sans-serif;\">Sur demande, nous pouvons r\u00e9aliser ponctuellement des <strong>couches d\u2019accrochages<\/strong> et de <strong>cures<\/strong> pour vos chantiers.<\/span><\/p>\n<\/div>\n[\/vc_column_text][\/vc_column_inner][\/vc_row_inner][\/vc_column][\/vc_row]\n","protected":false},"excerpt":{"rendered":"<p>[vc_row type=\u00a0\u00bbfull_width_content\u00a0\u00bb full_screen_row_position=\u00a0\u00bbmiddle\u00a0\u00bb column_margin=\u00a0\u00bbdefault\u00a0\u00bb column_direction=\u00a0\u00bbdefault\u00a0\u00bb column_direction_tablet=\u00a0\u00bbdefault\u00a0\u00bb column_direction_phone=\u00a0\u00bbdefault\u00a0\u00bb scene_position=\u00a0\u00bbcenter\u00a0\u00bb text_color=\u00a0\u00bbdark\u00a0\u00bb text_align=\u00a0\u00bbleft\u00a0\u00bb row_border_radius=\u00a0\u00bbnone\u00a0\u00bb row_border_radius_applies=\u00a0\u00bbbg\u00a0\u00bb overflow=\u00a0\u00bbvisible\u00a0\u00bb advanced_gradient_angle=\u00a0\u00bb0&Prime; overlay_strength=\u00a0\u00bb0.3&Prime;&#8230;<\/p>\n","protected":false},"author":2,"featured_media":0,"parent":6407,"menu_order":0,"comment_status":"closed","ping_status":"closed","template":"","meta":{"footnotes":""},"class_list":["post-6447","page","type-page","status-publish"],"yoast_head":"<!-- This site is optimized with the Yoast SEO Premium plugin v19.3 (Yoast SEO v27.5) - https:\/\/yoast.com\/product\/yoast-seo-premium-wordpress\/ -->\n<title>Travaux annexes &amp; compl\u00e9mentaires - Carri\u00e8res d&#039;Houdain<\/title>\n<meta name=\"robots\" content=\"index, follow, max-snippet:-1, max-image-preview:large, max-video-preview:-1\" \/>\n<link rel=\"canonical\" href=\"https:\/\/carrieres-houdain.fr\/index.php\/nos-services-produits\/travaux-publics-specialises-en-application-denrobes-entretien-des-voiries\/travaux-annexes-complementaires\/\" \/>\n<meta property=\"og:locale\" content=\"fr_FR\" \/>\n<meta property=\"og:type\" content=\"article\" \/>\n<meta property=\"og:title\" content=\"Travaux annexes &amp; compl\u00e9mentaires\" \/>\n<meta property=\"og:description\" content=\"[vc_row type=\u00a0\u00bbfull_width_content\u00a0\u00bb full_screen_row_position=\u00a0\u00bbmiddle\u00a0\u00bb column_margin=\u00a0\u00bbdefault\u00a0\u00bb column_direction=\u00a0\u00bbdefault\u00a0\u00bb column_direction_tablet=\u00a0\u00bbdefault\u00a0\u00bb column_direction_phone=\u00a0\u00bbdefault\u00a0\u00bb scene_position=\u00a0\u00bbcenter\u00a0\u00bb text_color=\u00a0\u00bbdark\u00a0\u00bb text_align=\u00a0\u00bbleft\u00a0\u00bb row_border_radius=\u00a0\u00bbnone\u00a0\u00bb row_border_radius_applies=\u00a0\u00bbbg\u00a0\u00bb overflow=\u00a0\u00bbvisible\u00a0\u00bb advanced_gradient_angle=\u00a0\u00bb0&Prime; overlay_strength=\u00a0\u00bb0.3&Prime;...\" \/>\n<meta property=\"og:url\" content=\"https:\/\/carrieres-houdain.fr\/index.php\/nos-services-produits\/travaux-publics-specialises-en-application-denrobes-entretien-des-voiries\/travaux-annexes-complementaires\/\" \/>\n<meta property=\"og:site_name\" content=\"Carri\u00e8res d&#039;Houdain\" \/>\n<meta property=\"article:publisher\" content=\"https:\/\/fr-fr.facebook.com\/carrieres.houdain\/\" \/>\n<meta property=\"article:modified_time\" content=\"2022-07-28T12:27:55+00:00\" \/>\n<meta name=\"twitter:card\" content=\"summary_large_image\" \/>\n<meta name=\"twitter:label1\" content=\"Dur\u00e9e de lecture estim\u00e9e\" \/>\n\t<meta name=\"twitter:data1\" content=\"3 minutes\" \/>\n<script type=\"application\/ld+json\" class=\"yoast-schema-graph\">{\"@context\":\"https:\\\/\\\/schema.org\",\"@graph\":[{\"@type\":\"WebPage\",\"@id\":\"https:\\\/\\\/carrieres-houdain.fr\\\/index.php\\\/nos-services-produits\\\/travaux-publics-specialises-en-application-denrobes-entretien-des-voiries\\\/travaux-annexes-complementaires\\\/\",\"url\":\"https:\\\/\\\/carrieres-houdain.fr\\\/index.php\\\/nos-services-produits\\\/travaux-publics-specialises-en-application-denrobes-entretien-des-voiries\\\/travaux-annexes-complementaires\\\/\",\"name\":\"Travaux annexes & compl\u00e9mentaires - Carri\u00e8res d&#039;Houdain\",\"isPartOf\":{\"@id\":\"https:\\\/\\\/carrieres-houdain.fr\\\/#website\"},\"datePublished\":\"2022-06-24T13:16:30+00:00\",\"dateModified\":\"2022-07-28T12:27:55+00:00\",\"breadcrumb\":{\"@id\":\"https:\\\/\\\/carrieres-houdain.fr\\\/index.php\\\/nos-services-produits\\\/travaux-publics-specialises-en-application-denrobes-entretien-des-voiries\\\/travaux-annexes-complementaires\\\/#breadcrumb\"},\"inLanguage\":\"fr-FR\",\"potentialAction\":[{\"@type\":\"ReadAction\",\"target\":[\"https:\\\/\\\/carrieres-houdain.fr\\\/index.php\\\/nos-services-produits\\\/travaux-publics-specialises-en-application-denrobes-entretien-des-voiries\\\/travaux-annexes-complementaires\\\/\"]}]},{\"@type\":\"BreadcrumbList\",\"@id\":\"https:\\\/\\\/carrieres-houdain.fr\\\/index.php\\\/nos-services-produits\\\/travaux-publics-specialises-en-application-denrobes-entretien-des-voiries\\\/travaux-annexes-complementaires\\\/#breadcrumb\",\"itemListElement\":[{\"@type\":\"ListItem\",\"position\":1,\"name\":\"Accueil\",\"item\":\"https:\\\/\\\/carrieres-houdain.fr\\\/\"},{\"@type\":\"ListItem\",\"position\":2,\"name\":\"Nos services et produits\",\"item\":\"https:\\\/\\\/carrieres-houdain.fr\\\/index.php\\\/nos-services-produits\\\/\"},{\"@type\":\"ListItem\",\"position\":3,\"name\":\"Travaux publics : sp\u00e9cialis\u00e9s en application d&rsquo;enrob\u00e9s &#038; entretien des voiries\",\"item\":\"https:\\\/\\\/carrieres-houdain.fr\\\/index.php\\\/nos-services-produits\\\/travaux-publics-specialises-en-application-denrobes-entretien-des-voiries\\\/\"},{\"@type\":\"ListItem\",\"position\":4,\"name\":\"Travaux annexes &#038; compl\u00e9mentaires\"}]},{\"@type\":\"WebSite\",\"@id\":\"https:\\\/\\\/carrieres-houdain.fr\\\/#website\",\"url\":\"https:\\\/\\\/carrieres-houdain.fr\\\/\",\"name\":\"Carri\u00e8res d&#039;Houdain\",\"description\":\"L&#039;enrob\u00e9s pour tous.\",\"publisher\":{\"@id\":\"https:\\\/\\\/carrieres-houdain.fr\\\/#organization\"},\"potentialAction\":[{\"@type\":\"SearchAction\",\"target\":{\"@type\":\"EntryPoint\",\"urlTemplate\":\"https:\\\/\\\/carrieres-houdain.fr\\\/?s={search_term_string}\"},\"query-input\":{\"@type\":\"PropertyValueSpecification\",\"valueRequired\":true,\"valueName\":\"search_term_string\"}}],\"inLanguage\":\"fr-FR\"},{\"@type\":\"Organization\",\"@id\":\"https:\\\/\\\/carrieres-houdain.fr\\\/#organization\",\"name\":\"Carri\u00e8res d'Houdain\",\"url\":\"https:\\\/\\\/carrieres-houdain.fr\\\/\",\"logo\":{\"@type\":\"ImageObject\",\"inLanguage\":\"fr-FR\",\"@id\":\"https:\\\/\\\/carrieres-houdain.fr\\\/#\\\/schema\\\/logo\\\/image\\\/\",\"url\":\"http:\\\/\\\/carrieres-houdain.fr\\\/wp-content\\\/uploads\\\/2022\\\/05\\\/TEST-2-LOGO.png\",\"contentUrl\":\"http:\\\/\\\/carrieres-houdain.fr\\\/wp-content\\\/uploads\\\/2022\\\/05\\\/TEST-2-LOGO.png\",\"width\":459,\"height\":190,\"caption\":\"Carri\u00e8res d'Houdain\"},\"image\":{\"@id\":\"https:\\\/\\\/carrieres-houdain.fr\\\/#\\\/schema\\\/logo\\\/image\\\/\"},\"sameAs\":[\"https:\\\/\\\/fr-fr.facebook.com\\\/carrieres.houdain\\\/\"]}]}<\/script>\n<!-- \/ Yoast SEO Premium plugin. -->","yoast_head_json":{"title":"Travaux annexes & compl\u00e9mentaires - Carri\u00e8res d&#039;Houdain","robots":{"index":"index","follow":"follow","max-snippet":"max-snippet:-1","max-image-preview":"max-image-preview:large","max-video-preview":"max-video-preview:-1"},"canonical":"https:\/\/carrieres-houdain.fr\/index.php\/nos-services-produits\/travaux-publics-specialises-en-application-denrobes-entretien-des-voiries\/travaux-annexes-complementaires\/","og_locale":"fr_FR","og_type":"article","og_title":"Travaux annexes & compl\u00e9mentaires","og_description":"[vc_row type=\u00a0\u00bbfull_width_content\u00a0\u00bb full_screen_row_position=\u00a0\u00bbmiddle\u00a0\u00bb column_margin=\u00a0\u00bbdefault\u00a0\u00bb column_direction=\u00a0\u00bbdefault\u00a0\u00bb column_direction_tablet=\u00a0\u00bbdefault\u00a0\u00bb column_direction_phone=\u00a0\u00bbdefault\u00a0\u00bb scene_position=\u00a0\u00bbcenter\u00a0\u00bb text_color=\u00a0\u00bbdark\u00a0\u00bb text_align=\u00a0\u00bbleft\u00a0\u00bb row_border_radius=\u00a0\u00bbnone\u00a0\u00bb row_border_radius_applies=\u00a0\u00bbbg\u00a0\u00bb overflow=\u00a0\u00bbvisible\u00a0\u00bb advanced_gradient_angle=\u00a0\u00bb0&Prime; overlay_strength=\u00a0\u00bb0.3&Prime;...","og_url":"https:\/\/carrieres-houdain.fr\/index.php\/nos-services-produits\/travaux-publics-specialises-en-application-denrobes-entretien-des-voiries\/travaux-annexes-complementaires\/","og_site_name":"Carri\u00e8res d&#039;Houdain","article_publisher":"https:\/\/fr-fr.facebook.com\/carrieres.houdain\/","article_modified_time":"2022-07-28T12:27:55+00:00","twitter_card":"summary_large_image","twitter_misc":{"Dur\u00e9e de lecture estim\u00e9e":"3 minutes"},"schema":{"@context":"https:\/\/schema.org","@graph":[{"@type":"WebPage","@id":"https:\/\/carrieres-houdain.fr\/index.php\/nos-services-produits\/travaux-publics-specialises-en-application-denrobes-entretien-des-voiries\/travaux-annexes-complementaires\/","url":"https:\/\/carrieres-houdain.fr\/index.php\/nos-services-produits\/travaux-publics-specialises-en-application-denrobes-entretien-des-voiries\/travaux-annexes-complementaires\/","name":"Travaux annexes & compl\u00e9mentaires - Carri\u00e8res d&#039;Houdain","isPartOf":{"@id":"https:\/\/carrieres-houdain.fr\/#website"},"datePublished":"2022-06-24T13:16:30+00:00","dateModified":"2022-07-28T12:27:55+00:00","breadcrumb":{"@id":"https:\/\/carrieres-houdain.fr\/index.php\/nos-services-produits\/travaux-publics-specialises-en-application-denrobes-entretien-des-voiries\/travaux-annexes-complementaires\/#breadcrumb"},"inLanguage":"fr-FR","potentialAction":[{"@type":"ReadAction","target":["https:\/\/carrieres-houdain.fr\/index.php\/nos-services-produits\/travaux-publics-specialises-en-application-denrobes-entretien-des-voiries\/travaux-annexes-complementaires\/"]}]},{"@type":"BreadcrumbList","@id":"https:\/\/carrieres-houdain.fr\/index.php\/nos-services-produits\/travaux-publics-specialises-en-application-denrobes-entretien-des-voiries\/travaux-annexes-complementaires\/#breadcrumb","itemListElement":[{"@type":"ListItem","position":1,"name":"Accueil","item":"https:\/\/carrieres-houdain.fr\/"},{"@type":"ListItem","position":2,"name":"Nos services et produits","item":"https:\/\/carrieres-houdain.fr\/index.php\/nos-services-produits\/"},{"@type":"ListItem","position":3,"name":"Travaux publics : sp\u00e9cialis\u00e9s en application d&rsquo;enrob\u00e9s &#038; entretien des voiries","item":"https:\/\/carrieres-houdain.fr\/index.php\/nos-services-produits\/travaux-publics-specialises-en-application-denrobes-entretien-des-voiries\/"},{"@type":"ListItem","position":4,"name":"Travaux annexes &#038; compl\u00e9mentaires"}]},{"@type":"WebSite","@id":"https:\/\/carrieres-houdain.fr\/#website","url":"https:\/\/carrieres-houdain.fr\/","name":"Carri\u00e8res d&#039;Houdain","description":"L&#039;enrob\u00e9s pour tous.","publisher":{"@id":"https:\/\/carrieres-houdain.fr\/#organization"},"potentialAction":[{"@type":"SearchAction","target":{"@type":"EntryPoint","urlTemplate":"https:\/\/carrieres-houdain.fr\/?s={search_term_string}"},"query-input":{"@type":"PropertyValueSpecification","valueRequired":true,"valueName":"search_term_string"}}],"inLanguage":"fr-FR"},{"@type":"Organization","@id":"https:\/\/carrieres-houdain.fr\/#organization","name":"Carri\u00e8res d'Houdain","url":"https:\/\/carrieres-houdain.fr\/","logo":{"@type":"ImageObject","inLanguage":"fr-FR","@id":"https:\/\/carrieres-houdain.fr\/#\/schema\/logo\/image\/","url":"http:\/\/carrieres-houdain.fr\/wp-content\/uploads\/2022\/05\/TEST-2-LOGO.png","contentUrl":"http:\/\/carrieres-houdain.fr\/wp-content\/uploads\/2022\/05\/TEST-2-LOGO.png","width":459,"height":190,"caption":"Carri\u00e8res d'Houdain"},"image":{"@id":"https:\/\/carrieres-houdain.fr\/#\/schema\/logo\/image\/"},"sameAs":["https:\/\/fr-fr.facebook.com\/carrieres.houdain\/"]}]}},"_links":{"self":[{"href":"https:\/\/carrieres-houdain.fr\/index.php\/wp-json\/wp\/v2\/pages\/6447","targetHints":{"allow":["GET"]}}],"collection":[{"href":"https:\/\/carrieres-houdain.fr\/index.php\/wp-json\/wp\/v2\/pages"}],"about":[{"href":"https:\/\/carrieres-houdain.fr\/index.php\/wp-json\/wp\/v2\/types\/page"}],"author":[{"embeddable":true,"href":"https:\/\/carrieres-houdain.fr\/index.php\/wp-json\/wp\/v2\/users\/2"}],"replies":[{"embeddable":true,"href":"https:\/\/carrieres-houdain.fr\/index.php\/wp-json\/wp\/v2\/comments?post=6447"}],"version-history":[{"count":11,"href":"https:\/\/carrieres-houdain.fr\/index.php\/wp-json\/wp\/v2\/pages\/6447\/revisions"}],"predecessor-version":[{"id":6848,"href":"https:\/\/carrieres-houdain.fr\/index.php\/wp-json\/wp\/v2\/pages\/6447\/revisions\/6848"}],"up":[{"embeddable":true,"href":"https:\/\/carrieres-houdain.fr\/index.php\/wp-json\/wp\/v2\/pages\/6407"}],"wp:attachment":[{"href":"https:\/\/carrieres-houdain.fr\/index.php\/wp-json\/wp\/v2\/media?parent=6447"}],"curies":[{"name":"wp","href":"https:\/\/api.w.org\/{rel}","templated":true}]}}